{"id":85,"date":"2021-04-03T16:59:04","date_gmt":"2021-04-03T16:59:04","guid":{"rendered":"https:\/\/tpi-consult.de\/?page_id=85"},"modified":"2022-06-14T21:05:22","modified_gmt":"2022-06-14T21:05:22","slug":"biographie","status":"publish","type":"page","link":"https:\/\/www.tpi-consult.ch\/en\/biographie\/","title":{"rendered":"Biography"},"content":{"rendered":"<div class=\"wp-block-columns is-layout-flex wp-container-core-columns-is-layout-9d6595d7 wp-block-columns-is-layout-flex\"><\/div>\n\n\n\n<div class=\"wp-block-columns is-layout-flex wp-container-core-columns-is-layout-9d6595d7 wp-block-columns-is-layout-flex\">\n<div class=\"wp-block-column is-vertically-aligned-bottom is-layout-flow wp-block-column-is-layout-flow\">\n<figure class=\"wp-block-image size-large is-resized\"><noscript><img decoding=\"async\" src=\"https:\/\/tpi-consult.de\/wp-content\/uploads\/2021\/04\/Stefan-Hockertz-Goldwand-1-von-1-1-scaled-e1617470303623.jpg\" alt class=\"wp-image-92\" width=\"344\" height=\"239\"><\/noscript><img decoding=\"async\" src=\"data:image\/svg+xml,%3Csvg%20xmlns%3D%22http%3A%2F%2Fwww.w3.org%2F2000%2Fsvg%22%20viewBox%3D%220%200%20344%20239%22%3E%3C%2Fsvg%3E\" alt class=\"wp-image-92 lazyload\" width=\"344\" height=\"239\" data-src=\"https:\/\/tpi-consult.de\/wp-content\/uploads\/2021\/04\/Stefan-Hockertz-Goldwand-1-von-1-1-scaled-e1617470303623.jpg\"><\/figure>\n\n\n\n<p style=\"font-size:18px\"><strong>Professor Dr. rer. nat. Stefan W. Hockertz<\/strong>, born in 1960, is an immunologist, pharmacologist and toxicologist and managing partner of <strong>tpi consult AG<\/strong> in Switzerland, one of the leading toxicological and pharmacological technology consultancies in Europe. Previously, he worked, most recently as Director and Professor of the Institute for Experimental and Clinical Toxicology, at the University Medical Center Hamburg Eppendorf from 1999 to the end of 2004.<\/p>\n<\/div>\n\n\n\n<div class=\"wp-block-column is-layout-flow wp-block-column-is-layout-flow\">\n<p style=\"font-size:18px\" class=\"translation-block\">Prior to that, he was a member of the board of directors of the Fraunhofer Institute for Toxicology and Environmental Medicine in Hamburg from 1995 to 2002, and from 1986 to 2001 he worked as a researcher at the Fraunhofer Gesellschaft in Hannover. Hockertz received his first academic training as a graduate biologist in 1985. Founded as a GmbH in Germany in 1994 Prof. Hockertz founded tpi consult as a GmbH in Germany, and the company was founded in Switzerland in 2011. In May 2022 the company was transformed into <strong>tpi consult AG<\/strong>.<\/p>\n\n\n\n<p style=\"font-size:18px\">Prof. Stefan W. Hockertz has been appointed as a \"Eurotox Registered Toxicologist\" and also holds the designation of Head of Manufacturing and Control according to \u00a7 15.1 and \u00a715.3 of the German Medicines Act. Hockertz holds a Dr. rer. nat. in biology from the University of Hanover, a habilitation in medicine for the subjects toxicology and pharmacology, was professor of molecular immunotoxicology at the University Medical Centre Hamburg Eppendorf and is a professor at the University of Hamburg.<\/p>\n<\/div>\n<\/div>","protected":false},"excerpt":{"rendered":"<p>Professor Dr. rer. nat. Stefan W. Hockertz, geboren 1960, ist als Immunologe, Pharmakologe und Toxikologe gesch\u00e4ftsf\u00fchrender Gesellschafter der tpi consult AG in der Schweiz, einer der f\u00fchrenden toxikologischen und pharmakologischen Technologieberatungen in Europa. Zuvor arbeitete er, zuletzt als Direktor und Professor des Institutes f\u00fcr Experimentelle und Klinische Toxikologie, am Universit\u00e4tsklinikum Hamburg Eppendorf von 1999 bis [&hellip;]<\/p>\n","protected":false},"author":1,"featured_media":0,"parent":0,"menu_order":0,"comment_status":"closed","ping_status":"closed","template":"templates\/template-full.php","meta":{"ngg_post_thumbnail":0,"footnotes":""},"class_list":["post-85","page","type-page","status-publish","hentry","post"],"_links":{"self":[{"href":"https:\/\/www.tpi-consult.ch\/en\/wp-json\/wp\/v2\/pages\/85","targetHints":{"allow":["GET"]}}],"collection":[{"href":"https:\/\/www.tpi-consult.ch\/en\/wp-json\/wp\/v2\/pages"}],"about":[{"href":"https:\/\/www.tpi-consult.ch\/en\/wp-json\/wp\/v2\/types\/page"}],"author":[{"embeddable":true,"href":"https:\/\/www.tpi-consult.ch\/en\/wp-json\/wp\/v2\/users\/1"}],"replies":[{"embeddable":true,"href":"https:\/\/www.tpi-consult.ch\/en\/wp-json\/wp\/v2\/comments?post=85"}],"version-history":[{"count":17,"href":"https:\/\/www.tpi-consult.ch\/en\/wp-json\/wp\/v2\/pages\/85\/revisions"}],"predecessor-version":[{"id":636,"href":"https:\/\/www.tpi-consult.ch\/en\/wp-json\/wp\/v2\/pages\/85\/revisions\/636"}],"wp:attachment":[{"href":"https:\/\/www.tpi-consult.ch\/en\/wp-json\/wp\/v2\/media?parent=85"}],"curies":[{"name":"wp","href":"https:\/\/api.w.org\/{rel}","templated":true}]}}