{"id":336,"date":"2021-04-03T23:51:33","date_gmt":"2021-04-03T23:51:33","guid":{"rendered":"https:\/\/tpi-consult.de\/?page_id=336"},"modified":"2022-06-14T20:04:36","modified_gmt":"2022-06-14T20:04:36","slug":"unser-netzwerk","status":"publish","type":"page","link":"https:\/\/www.tpi-consult.ch\/en\/unser-netzwerk\/","title":{"rendered":"Our Network"},"content":{"rendered":"<div class=\"wp-block-columns is-layout-flex wp-container-core-columns-is-layout-9d6595d7 wp-block-columns-is-layout-flex\">\n<div class=\"wp-block-column is-layout-flow wp-block-column-is-layout-flow\">\n<blockquote class=\"wp-block-quote is-layout-flow wp-block-quote-is-layout-flow\"><p>WE DON'T KNOW HOW FAR OUR POWERS WILL GO UNTIL WE HAVE TRIED TOGETHER<\/p><\/blockquote>\n\n\n\n<p style=\"font-size:18px\" class=\"translation-block\"><strong>tpi consult AG<\/strong> has an extensive international network at its disposal, from which it calls in project partners depending on the individual case. In close coordination with you, we work together with our partners on the defined work packages, e.g. in the area of<\/p>\n\n\n\n<ul class=\"wp-block-list\" style=\"font-size:17px\"><li>Conducting preclinical and clinical studies<\/li><li>Drug approval <\/li><li>(Re)certification of medical devices<\/li><li>Medical writing and dossier preparation<\/li><li>Patent law<\/li><li>Recruiting of Staff<\/li><li>Marketing<\/li><li>Public Relations Life Science<\/li><\/ul>\n<\/div>\n\n\n\n<div class=\"wp-block-column is-layout-flow wp-block-column-is-layout-flow\">\n<p style=\"font-size:18px\">According to your needs and wishes, you will receive the solution from one source, which, with our long experience, will allow your company to be successful.<\/p>\n\n\n\n<figure class=\"wp-block-image size-large is-resized\"><noscript><img decoding=\"async\" src=\"https:\/\/tpi-consult.de\/wp-content\/uploads\/2021\/04\/network-3537401-1024x683.jpg\" alt class=\"wp-image-383\" width=\"341\" height=\"227\" srcset=\"https:\/\/www.tpi-consult.ch\/wp-content\/uploads\/2021\/04\/network-3537401-1024x683.jpg 1024w, https:\/\/www.tpi-consult.ch\/wp-content\/uploads\/2021\/04\/network-3537401-300x200.jpg 300w, https:\/\/www.tpi-consult.ch\/wp-content\/uploads\/2021\/04\/network-3537401-768x512.jpg 768w, https:\/\/www.tpi-consult.ch\/wp-content\/uploads\/2021\/04\/network-3537401-1536x1024.jpg 1536w, https:\/\/www.tpi-consult.ch\/wp-content\/uploads\/2021\/04\/network-3537401-2048x1365.jpg 2048w, https:\/\/www.tpi-consult.ch\/wp-content\/uploads\/2021\/04\/network-3537401-272x182.jpg 272w\" sizes=\"(max-width: 341px) 100vw, 341px\"><\/noscript><img decoding=\"async\" src=\"data:image\/svg+xml,%3Csvg%20xmlns%3D%22http%3A%2F%2Fwww.w3.org%2F2000%2Fsvg%22%20viewBox%3D%220%200%20341%20227%22%3E%3C%2Fsvg%3E\" alt class=\"wp-image-383 lazyload\" width=\"341\" height=\"227\" srcset=\"data:image\/svg+xml,%3Csvg%20xmlns%3D%22http%3A%2F%2Fwww.w3.org%2F2000%2Fsvg%22%20viewBox%3D%220%200%20341%20227%22%3E%3C%2Fsvg%3E 341w\" sizes=\"(max-width: 341px) 100vw, 341px\" data-srcset=\"https:\/\/www.tpi-consult.ch\/wp-content\/uploads\/2021\/04\/network-3537401-1024x683.jpg 1024w, https:\/\/www.tpi-consult.ch\/wp-content\/uploads\/2021\/04\/network-3537401-300x200.jpg 300w, https:\/\/www.tpi-consult.ch\/wp-content\/uploads\/2021\/04\/network-3537401-768x512.jpg 768w, https:\/\/www.tpi-consult.ch\/wp-content\/uploads\/2021\/04\/network-3537401-1536x1024.jpg 1536w, https:\/\/www.tpi-consult.ch\/wp-content\/uploads\/2021\/04\/network-3537401-2048x1365.jpg 2048w, https:\/\/www.tpi-consult.ch\/wp-content\/uploads\/2021\/04\/network-3537401-272x182.jpg 272w\" data-src=\"https:\/\/tpi-consult.de\/wp-content\/uploads\/2021\/04\/network-3537401-1024x683.jpg\"><\/figure>\n\n\n\n<figure class=\"wp-block-image size-large is-resized\"><noscript><img decoding=\"async\" src=\"https:\/\/tpi-consult.de\/wp-content\/uploads\/2021\/04\/coronavirus-4978656-1024x1024.jpg\" alt class=\"wp-image-382\" width=\"339\" height=\"339\" srcset=\"https:\/\/www.tpi-consult.ch\/wp-content\/uploads\/2021\/04\/coronavirus-4978656-1024x1024.jpg 1024w, https:\/\/www.tpi-consult.ch\/wp-content\/uploads\/2021\/04\/coronavirus-4978656-300x300.jpg 300w, https:\/\/www.tpi-consult.ch\/wp-content\/uploads\/2021\/04\/coronavirus-4978656-150x150.jpg 150w, https:\/\/www.tpi-consult.ch\/wp-content\/uploads\/2021\/04\/coronavirus-4978656-768x768.jpg 768w, https:\/\/www.tpi-consult.ch\/wp-content\/uploads\/2021\/04\/coronavirus-4978656-1536x1536.jpg 1536w, https:\/\/www.tpi-consult.ch\/wp-content\/uploads\/2021\/04\/coronavirus-4978656-2048x2048.jpg 2048w\" sizes=\"(max-width: 339px) 100vw, 339px\"><\/noscript><img decoding=\"async\" src=\"data:image\/svg+xml,%3Csvg%20xmlns%3D%22http%3A%2F%2Fwww.w3.org%2F2000%2Fsvg%22%20viewBox%3D%220%200%20339%20339%22%3E%3C%2Fsvg%3E\" alt class=\"wp-image-382 lazyload\" width=\"339\" height=\"339\" srcset=\"data:image\/svg+xml,%3Csvg%20xmlns%3D%22http%3A%2F%2Fwww.w3.org%2F2000%2Fsvg%22%20viewBox%3D%220%200%20339%20339%22%3E%3C%2Fsvg%3E 339w\" sizes=\"(max-width: 339px) 100vw, 339px\" data-srcset=\"https:\/\/www.tpi-consult.ch\/wp-content\/uploads\/2021\/04\/coronavirus-4978656-1024x1024.jpg 1024w, https:\/\/www.tpi-consult.ch\/wp-content\/uploads\/2021\/04\/coronavirus-4978656-300x300.jpg 300w, https:\/\/www.tpi-consult.ch\/wp-content\/uploads\/2021\/04\/coronavirus-4978656-150x150.jpg 150w, https:\/\/www.tpi-consult.ch\/wp-content\/uploads\/2021\/04\/coronavirus-4978656-768x768.jpg 768w, https:\/\/www.tpi-consult.ch\/wp-content\/uploads\/2021\/04\/coronavirus-4978656-1536x1536.jpg 1536w, https:\/\/www.tpi-consult.ch\/wp-content\/uploads\/2021\/04\/coronavirus-4978656-2048x2048.jpg 2048w\" data-src=\"https:\/\/tpi-consult.de\/wp-content\/uploads\/2021\/04\/coronavirus-4978656-1024x1024.jpg\"><\/figure>\n<\/div>\n<\/div>","protected":false},"excerpt":{"rendered":"<p>WIR WISSEN NICHT, WIE WEIT UNSERE KR\u00c4FTE GEHEN, BIS WIR ES NICHT GEMEINSAM VERSUCHT HABEN tpi consult AG verf\u00fcgt \u00fcber ein umfassendes internationales Netzwerk, aus dem sie abh\u00e4ngig vom individuellen Einzelfall Projektpartner hinzuzieht. In enger Abstimmung mit Ihnen bearbeiten wir gemeinsam mit unseren Partnern die definierten Arbeitspakete, z.B. im Bereich Durchf\u00fchrung pr\u00e4klinischer und klinischer Studien [&hellip;]<\/p>\n","protected":false},"author":1,"featured_media":0,"parent":0,"menu_order":0,"comment_status":"closed","ping_status":"closed","template":"templates\/template-full.php","meta":{"ngg_post_thumbnail":0,"footnotes":""},"class_list":["post-336","page","type-page","status-publish","hentry","post"],"_links":{"self":[{"href":"https:\/\/www.tpi-consult.ch\/en\/wp-json\/wp\/v2\/pages\/336","targetHints":{"allow":["GET"]}}],"collection":[{"href":"https:\/\/www.tpi-consult.ch\/en\/wp-json\/wp\/v2\/pages"}],"about":[{"href":"https:\/\/www.tpi-consult.ch\/en\/wp-json\/wp\/v2\/types\/page"}],"author":[{"embeddable":true,"href":"https:\/\/www.tpi-consult.ch\/en\/wp-json\/wp\/v2\/users\/1"}],"replies":[{"embeddable":true,"href":"https:\/\/www.tpi-consult.ch\/en\/wp-json\/wp\/v2\/comments?post=336"}],"version-history":[{"count":9,"href":"https:\/\/www.tpi-consult.ch\/en\/wp-json\/wp\/v2\/pages\/336\/revisions"}],"predecessor-version":[{"id":627,"href":"https:\/\/www.tpi-consult.ch\/en\/wp-json\/wp\/v2\/pages\/336\/revisions\/627"}],"wp:attachment":[{"href":"https:\/\/www.tpi-consult.ch\/en\/wp-json\/wp\/v2\/media?parent=336"}],"curies":[{"name":"wp","href":"https:\/\/api.w.org\/{rel}","templated":true}]}}