{"id":295,"date":"2021-04-03T22:13:46","date_gmt":"2021-04-03T22:13:46","guid":{"rendered":"https:\/\/tpi-consult.de\/?page_id=295"},"modified":"2022-06-14T19:58:18","modified_gmt":"2022-06-14T19:58:18","slug":"impressum","status":"publish","type":"page","link":"https:\/\/www.tpi-consult.ch\/en\/impressum\/","title":{"rendered":"Imprint"},"content":{"rendered":"<div class=\"wp-block-columns is-layout-flex wp-container-core-columns-is-layout-9d6595d7 wp-block-columns-is-layout-flex\">\n<div class=\"wp-block-column is-layout-flow wp-block-column-is-layout-flow\">\n<p style=\"font-size:17px\"><strong>tpi consult AG<\/strong><br>c\/o Paramed AG<br>Kompetenzzentrum f\u00fcr<br>Ganzheitsmedizin<br>Haldenstrasse 1<br>6340 Baar<br>Switzerland<\/p>\n<\/div>\n\n\n\n<div class=\"wp-block-column is-layout-flow wp-block-column-is-layout-flow\">\n<p style=\"font-size:17px\">Managing Director: Prof. Dr. Stefan Hockertz<br>HR Zug CH-400.4.034.176-4<br>UID Nr. CHE-353.089.891<\/p>\n<\/div>\n<\/div>\n\n\n\n<p class=\"translation-block\"><strong>tpi consult AG<\/strong> is the sole owner of the information collected on this website. We only collect information that helps us to improve the service for you. The information will not be sold - without your consent - or disclosed to others in any other way not excluded by this statement, except when we believe in good faith that it is necessary for legal reasons, or when it is necessary to protect the rights and property of <strong>tpi consult AG<\/strong>, or when the personal safety of personnel or the public is at risk. The operators themselves are solely responsible for the content of the linked pages.<br>All information on this website Copyright 2006 by <strong>tpi consult AG<\/strong>.<br>Some images on this website Copyright 2002 by Microsoft GmbH.<\/p>","protected":false},"excerpt":{"rendered":"<p>tpi consult AGc\/o Paramed AGKompetenzzentrum f\u00fcrGanzheitsmedizinHaldenstrasse 16340 BaarSchweiz Gesch\u00e4ftsf\u00fchrung: Prof. Dr. Stefan HockertzHR Zug CH-400.4.034.176-4UID Nr. CHE-353.089.891 tpi consult AG ist alleiniger Inhaber der auf dieser Website erhobenen Informationen. Wir erheben nur Informationen, die uns helfen, den Service f\u00fcr Sie zu verbessern. Die Informationen werden nicht \u2013 ohne Ihr Einverst\u00e4ndnis \u2013 ver\u00e4u\u00dfert oder auf eine [&hellip;]<\/p>\n","protected":false},"author":1,"featured_media":0,"parent":0,"menu_order":0,"comment_status":"closed","ping_status":"closed","template":"templates\/template-full.php","meta":{"ngg_post_thumbnail":0,"footnotes":""},"class_list":["post-295","page","type-page","status-publish","hentry","post"],"_links":{"self":[{"href":"https:\/\/www.tpi-consult.ch\/en\/wp-json\/wp\/v2\/pages\/295","targetHints":{"allow":["GET"]}}],"collection":[{"href":"https:\/\/www.tpi-consult.ch\/en\/wp-json\/wp\/v2\/pages"}],"about":[{"href":"https:\/\/www.tpi-consult.ch\/en\/wp-json\/wp\/v2\/types\/page"}],"author":[{"embeddable":true,"href":"https:\/\/www.tpi-consult.ch\/en\/wp-json\/wp\/v2\/users\/1"}],"replies":[{"embeddable":true,"href":"https:\/\/www.tpi-consult.ch\/en\/wp-json\/wp\/v2\/comments?post=295"}],"version-history":[{"count":14,"href":"https:\/\/www.tpi-consult.ch\/en\/wp-json\/wp\/v2\/pages\/295\/revisions"}],"predecessor-version":[{"id":619,"href":"https:\/\/www.tpi-consult.ch\/en\/wp-json\/wp\/v2\/pages\/295\/revisions\/619"}],"wp:attachment":[{"href":"https:\/\/www.tpi-consult.ch\/en\/wp-json\/wp\/v2\/media?parent=295"}],"curies":[{"name":"wp","href":"https:\/\/api.w.org\/{rel}","templated":true}]}}