{"id":248,"date":"2021-04-03T20:15:39","date_gmt":"2021-04-03T20:15:39","guid":{"rendered":"https:\/\/tpi-consult.de\/?page_id=248"},"modified":"2022-06-14T20:03:06","modified_gmt":"2022-06-14T20:03:06","slug":"management-auf-zeit","status":"publish","type":"page","link":"https:\/\/www.tpi-consult.ch\/en\/management-auf-zeit\/","title":{"rendered":"Management"},"content":{"rendered":"<div class=\"wp-block-columns is-layout-flex wp-container-core-columns-is-layout-9d6595d7 wp-block-columns-is-layout-flex\">\n<div class=\"wp-block-column is-layout-flow wp-block-column-is-layout-flow\">\n<blockquote class=\"wp-block-quote is-style-default is-layout-flow wp-block-quote-is-layout-flow\"><p>TO SEE CLEARLY, IT IS OFTEN ENOUGH TO CHANGE THE DIRECTION OF VISION!<\/p><\/blockquote>\n\n\n\n<p style=\"font-size:18px\" class=\"translation-block\">A company - that is first and foremost people! Heads are responsible for the ideas, people make the success. Especially in scientific-technological issues, a vacancy in a key position of your company quickly becomes a problem. Even if you are temporarily looking for specialists with management qualities for special tasks, <strong>tpi consult AG<\/strong>\u00a0can quickly defuse this situation.<\/p>\n\n\n\n<p style=\"font-size:18px\">Together with our network, we offer interim management and bridge the period until you can deploy your own resources again by taking over central areas of responsibility:<\/p>\n<\/div>\n\n\n\n<div class=\"wp-block-column is-layout-flow wp-block-column-is-layout-flow\">\n<figure class=\"wp-block-image size-large\"><noscript><img decoding=\"async\" width=\"761\" height=\"480\" src=\"https:\/\/tpi-consult.de\/wp-content\/uploads\/2021\/04\/paper-3213924__480.jpg\" alt class=\"wp-image-253\" srcset=\"https:\/\/www.tpi-consult.ch\/wp-content\/uploads\/2021\/04\/paper-3213924__480.jpg 761w, https:\/\/www.tpi-consult.ch\/wp-content\/uploads\/2021\/04\/paper-3213924__480-300x189.jpg 300w\" sizes=\"(max-width: 761px) 100vw, 761px\"><\/noscript><img decoding=\"async\" width=\"761\" height=\"480\" src=\"data:image\/svg+xml,%3Csvg%20xmlns%3D%22http%3A%2F%2Fwww.w3.org%2F2000%2Fsvg%22%20viewBox%3D%220%200%20761%20480%22%3E%3C%2Fsvg%3E\" alt class=\"wp-image-253 lazyload\" srcset=\"data:image\/svg+xml,%3Csvg%20xmlns%3D%22http%3A%2F%2Fwww.w3.org%2F2000%2Fsvg%22%20viewBox%3D%220%200%20761%20480%22%3E%3C%2Fsvg%3E 761w\" sizes=\"(max-width: 761px) 100vw, 761px\" data-srcset=\"https:\/\/www.tpi-consult.ch\/wp-content\/uploads\/2021\/04\/paper-3213924__480.jpg 761w, https:\/\/www.tpi-consult.ch\/wp-content\/uploads\/2021\/04\/paper-3213924__480-300x189.jpg 300w\" data-src=\"https:\/\/tpi-consult.de\/wp-content\/uploads\/2021\/04\/paper-3213924__480.jpg\"><\/figure>\n\n\n\n<ul class=\"wp-block-list\" style=\"font-size:18px\"><li>Research Management<\/li><li>Regulatory Management<\/li><li>Technology Management<\/li><li>Project Management<\/li><li>Sales Management<\/li><li>Organizational Management<\/li><\/ul>\n<\/div>\n<\/div>","protected":false},"excerpt":{"rendered":"<p>UM KLAR ZU SEHEN, GEN\u00dcGT OFT EIN WECHSEL DER BLICKRICHTUNG! Ein Unternehmen \u2013 das sind vor allem Menschen! K\u00f6pfe sind f\u00fcr die Ideen verantwortlich, Menschen machen den Erfolg. Insbesondere in wissenschaftlich-technologischen Fragestellungen wird eine Vakanz in einer Schl\u00fcsselposition Ihres Unternehmens schnell zu einem Problem. Auch wenn Sie f\u00fcr Sonderaufgaben vor\u00fcbergehend Spezialisten mit Managementqualit\u00e4ten suchen, kann\u00a0die [&hellip;]<\/p>\n","protected":false},"author":1,"featured_media":0,"parent":0,"menu_order":0,"comment_status":"closed","ping_status":"closed","template":"templates\/template-full.php","meta":{"ngg_post_thumbnail":0,"footnotes":""},"class_list":["post-248","page","type-page","status-publish","hentry","post"],"_links":{"self":[{"href":"https:\/\/www.tpi-consult.ch\/en\/wp-json\/wp\/v2\/pages\/248","targetHints":{"allow":["GET"]}}],"collection":[{"href":"https:\/\/www.tpi-consult.ch\/en\/wp-json\/wp\/v2\/pages"}],"about":[{"href":"https:\/\/www.tpi-consult.ch\/en\/wp-json\/wp\/v2\/types\/page"}],"author":[{"embeddable":true,"href":"https:\/\/www.tpi-consult.ch\/en\/wp-json\/wp\/v2\/users\/1"}],"replies":[{"embeddable":true,"href":"https:\/\/www.tpi-consult.ch\/en\/wp-json\/wp\/v2\/comments?post=248"}],"version-history":[{"count":7,"href":"https:\/\/www.tpi-consult.ch\/en\/wp-json\/wp\/v2\/pages\/248\/revisions"}],"predecessor-version":[{"id":624,"href":"https:\/\/www.tpi-consult.ch\/en\/wp-json\/wp\/v2\/pages\/248\/revisions\/624"}],"wp:attachment":[{"href":"https:\/\/www.tpi-consult.ch\/en\/wp-json\/wp\/v2\/media?parent=248"}],"curies":[{"name":"wp","href":"https:\/\/api.w.org\/{rel}","templated":true}]}}