{"id":241,"date":"2021-04-03T20:10:12","date_gmt":"2021-04-03T20:10:12","guid":{"rendered":"https:\/\/tpi-consult.de\/?page_id=241"},"modified":"2022-06-14T19:47:19","modified_gmt":"2022-06-14T19:47:19","slug":"businessplaene","status":"publish","type":"page","link":"https:\/\/www.tpi-consult.ch\/en\/businessplaene\/","title":{"rendered":"Business Plans"},"content":{"rendered":"<div class=\"wp-block-columns is-layout-flex wp-container-core-columns-is-layout-9d6595d7 wp-block-columns-is-layout-flex\">\n<div class=\"wp-block-column is-layout-flow wp-block-column-is-layout-flow\">\n<blockquote class=\"wp-block-quote is-layout-flow wp-block-quote-is-layout-flow\"><p>SUCCESS DOES NOT COME TO YOU, YOU HAVE TO GO TOWARDS SUCCESS!<\/p><\/blockquote>\n\n\n\n<p style=\"font-size:18px\">Every company needs a concept, a plan. This can be the project planning of a larger company or the business plan of a small and medium-sized enterprise.<\/p>\n\n\n\n<p style=\"font-size:18px\"><strong>tpi consult AG <\/strong>supports you in the preparation of a project or business plan that meets the professional criteria of internal or external investors. Scientific and technological plausibility are a conditio sine qua non.<\/p>\n<\/div>\n\n\n\n<div class=\"wp-block-column is-layout-flow wp-block-column-is-layout-flow\">\n<p style=\"font-size:18px\" class=\"translation-block\">The comprehensibility of your innovation, the plausible presentation of the effort and the clear drawing of your vision are convincing and arouse interest. A business plan prepared together with <strong>tpi consult AG<\/strong> increases the chances of implementation and thus contributes to a higher valuation of your company.<\/p>\n\n\n\n<figure class=\"wp-block-image size-large\"><noscript><img decoding=\"async\" width=\"1024\" height=\"723\" src=\"https:\/\/tpi-consult.de\/wp-content\/uploads\/2021\/04\/mark-995567_1920-1024x723.jpg\" alt class=\"wp-image-344\" srcset=\"https:\/\/www.tpi-consult.ch\/wp-content\/uploads\/2021\/04\/mark-995567_1920-1024x723.jpg 1024w, https:\/\/www.tpi-consult.ch\/wp-content\/uploads\/2021\/04\/mark-995567_1920-300x212.jpg 300w, https:\/\/www.tpi-consult.ch\/wp-content\/uploads\/2021\/04\/mark-995567_1920-768x542.jpg 768w, https:\/\/www.tpi-consult.ch\/wp-content\/uploads\/2021\/04\/mark-995567_1920-1536x1084.jpg 1536w, https:\/\/www.tpi-consult.ch\/wp-content\/uploads\/2021\/04\/mark-995567_1920.jpg 1920w\" sizes=\"(max-width: 1024px) 100vw, 1024px\"><\/noscript><img decoding=\"async\" width=\"1024\" height=\"723\" src=\"data:image\/svg+xml,%3Csvg%20xmlns%3D%22http%3A%2F%2Fwww.w3.org%2F2000%2Fsvg%22%20viewBox%3D%220%200%201024%20723%22%3E%3C%2Fsvg%3E\" alt class=\"wp-image-344 lazyload\" srcset=\"data:image\/svg+xml,%3Csvg%20xmlns%3D%22http%3A%2F%2Fwww.w3.org%2F2000%2Fsvg%22%20viewBox%3D%220%200%201024%20723%22%3E%3C%2Fsvg%3E 1024w\" sizes=\"(max-width: 1024px) 100vw, 1024px\" data-srcset=\"https:\/\/www.tpi-consult.ch\/wp-content\/uploads\/2021\/04\/mark-995567_1920-1024x723.jpg 1024w, https:\/\/www.tpi-consult.ch\/wp-content\/uploads\/2021\/04\/mark-995567_1920-300x212.jpg 300w, https:\/\/www.tpi-consult.ch\/wp-content\/uploads\/2021\/04\/mark-995567_1920-768x542.jpg 768w, https:\/\/www.tpi-consult.ch\/wp-content\/uploads\/2021\/04\/mark-995567_1920-1536x1084.jpg 1536w, https:\/\/www.tpi-consult.ch\/wp-content\/uploads\/2021\/04\/mark-995567_1920.jpg 1920w\" data-src=\"https:\/\/tpi-consult.de\/wp-content\/uploads\/2021\/04\/mark-995567_1920-1024x723.jpg\"><\/figure>\n<\/div>\n<\/div>","protected":false},"excerpt":{"rendered":"<p>DER ERFOLG KOMMT NICHT ZU IHNEN, SIE M\u00dcSSEN AUF DEN ERFOLG ZUGEHEN! Jedes Unternehmen ben\u00f6tigt ein Konzept, einen Plan. Dies kann die Projektplanung eines gr\u00f6\u00dferen Unternehmens sein oder der Businessplan eines kleinen und mittelst\u00e4ndischen Unternehmens tpi consult AG unterst\u00fctzt Sie in der Erstellung eines Projekt- oder Businessplans, der den professionellen Kriterien der internen oder externen [&hellip;]<\/p>\n","protected":false},"author":1,"featured_media":0,"parent":0,"menu_order":0,"comment_status":"closed","ping_status":"closed","template":"templates\/template-full.php","meta":{"ngg_post_thumbnail":0,"footnotes":""},"class_list":["post-241","page","type-page","status-publish","hentry","post"],"_links":{"self":[{"href":"https:\/\/www.tpi-consult.ch\/en\/wp-json\/wp\/v2\/pages\/241","targetHints":{"allow":["GET"]}}],"collection":[{"href":"https:\/\/www.tpi-consult.ch\/en\/wp-json\/wp\/v2\/pages"}],"about":[{"href":"https:\/\/www.tpi-consult.ch\/en\/wp-json\/wp\/v2\/types\/page"}],"author":[{"embeddable":true,"href":"https:\/\/www.tpi-consult.ch\/en\/wp-json\/wp\/v2\/users\/1"}],"replies":[{"embeddable":true,"href":"https:\/\/www.tpi-consult.ch\/en\/wp-json\/wp\/v2\/comments?post=241"}],"version-history":[{"count":11,"href":"https:\/\/www.tpi-consult.ch\/en\/wp-json\/wp\/v2\/pages\/241\/revisions"}],"predecessor-version":[{"id":613,"href":"https:\/\/www.tpi-consult.ch\/en\/wp-json\/wp\/v2\/pages\/241\/revisions\/613"}],"wp:attachment":[{"href":"https:\/\/www.tpi-consult.ch\/en\/wp-json\/wp\/v2\/media?parent=241"}],"curies":[{"name":"wp","href":"https:\/\/api.w.org\/{rel}","templated":true}]}}