{"id":209,"date":"2021-04-03T19:50:16","date_gmt":"2021-04-03T19:50:16","guid":{"rendered":"https:\/\/tpi-consult.de\/?page_id=209"},"modified":"2022-06-14T20:02:39","modified_gmt":"2022-06-14T20:02:39","slug":"ma-business-development","status":"publish","type":"page","link":"https:\/\/www.tpi-consult.ch\/en\/ma-business-development\/","title":{"rendered":"M&amp;A \u2013 Business Development"},"content":{"rendered":"<div class=\"wp-block-columns is-layout-flex wp-container-core-columns-is-layout-9d6595d7 wp-block-columns-is-layout-flex\">\n<div class=\"wp-block-column is-layout-flow wp-block-column-is-layout-flow\">\n<blockquote class=\"wp-block-quote is-layout-flow wp-block-quote-is-layout-flow\"><p>YOU HAVE TO LOOK UP TO SEE THE STARS!<\/p><\/blockquote>\n\n\n\n<p style=\"font-size:18px\">Our network is also your network. In the life sciences sector, we are recognized and successful partners in an extensive network that can be used for your merger &amp; acquisition projects.<\/p>\n\n\n\n<figure class=\"wp-block-image size-large is-resized\"><noscript><img decoding=\"async\" src=\"https:\/\/tpi-consult.de\/wp-content\/uploads\/2021\/04\/network-3154910-1024x683.jpg\" alt class=\"wp-image-385\" width=\"341\" height=\"227\" srcset=\"https:\/\/www.tpi-consult.ch\/wp-content\/uploads\/2021\/04\/network-3154910-1024x683.jpg 1024w, https:\/\/www.tpi-consult.ch\/wp-content\/uploads\/2021\/04\/network-3154910-300x200.jpg 300w, https:\/\/www.tpi-consult.ch\/wp-content\/uploads\/2021\/04\/network-3154910-768x512.jpg 768w, https:\/\/www.tpi-consult.ch\/wp-content\/uploads\/2021\/04\/network-3154910-1536x1024.jpg 1536w, https:\/\/www.tpi-consult.ch\/wp-content\/uploads\/2021\/04\/network-3154910-2048x1365.jpg 2048w, https:\/\/www.tpi-consult.ch\/wp-content\/uploads\/2021\/04\/network-3154910-272x182.jpg 272w\" sizes=\"(max-width: 341px) 100vw, 341px\"><\/noscript><img decoding=\"async\" src=\"data:image\/svg+xml,%3Csvg%20xmlns%3D%22http%3A%2F%2Fwww.w3.org%2F2000%2Fsvg%22%20viewBox%3D%220%200%20341%20227%22%3E%3C%2Fsvg%3E\" alt class=\"wp-image-385 lazyload\" width=\"341\" height=\"227\" srcset=\"data:image\/svg+xml,%3Csvg%20xmlns%3D%22http%3A%2F%2Fwww.w3.org%2F2000%2Fsvg%22%20viewBox%3D%220%200%20341%20227%22%3E%3C%2Fsvg%3E 341w\" sizes=\"(max-width: 341px) 100vw, 341px\" data-srcset=\"https:\/\/www.tpi-consult.ch\/wp-content\/uploads\/2021\/04\/network-3154910-1024x683.jpg 1024w, https:\/\/www.tpi-consult.ch\/wp-content\/uploads\/2021\/04\/network-3154910-300x200.jpg 300w, https:\/\/www.tpi-consult.ch\/wp-content\/uploads\/2021\/04\/network-3154910-768x512.jpg 768w, https:\/\/www.tpi-consult.ch\/wp-content\/uploads\/2021\/04\/network-3154910-1536x1024.jpg 1536w, https:\/\/www.tpi-consult.ch\/wp-content\/uploads\/2021\/04\/network-3154910-2048x1365.jpg 2048w, https:\/\/www.tpi-consult.ch\/wp-content\/uploads\/2021\/04\/network-3154910-272x182.jpg 272w\" data-src=\"https:\/\/tpi-consult.de\/wp-content\/uploads\/2021\/04\/network-3154910-1024x683.jpg\"><\/figure>\n<\/div>\n\n\n\n<div class=\"wp-block-column is-layout-flow wp-block-column-is-layout-flow\">\n<p style=\"font-size:18px\" class=\"translation-block\">If you are looking for a strategic partner, if you are looking for a suitable partner for a trade sale or if you need distribution capacities, we can help you. <strong>tpi consult AG<\/strong> has extensive transaction experience in the life science sector, the intuition to develop the target-oriented strategy as well as intensive know-how in project management and negotiation skills.<\/p>\n\n\n\n<p style=\"font-size:18px\">Ebenso bieten wir Ihnen das &#8222;Gewusst Wie&#8220; im Bereich des Business Development, hier besonders mit dem Schwerpunkt in den Bereichen Pharma und Medizinprodukte<\/p>\n<\/div>\n<\/div>","protected":false},"excerpt":{"rendered":"<p>MAN MUSS AUFW\u00c4RTS BLICKEN, UM DIE STERNE ZU SEHEN! Unser Netzwerk ist auch Ihr Netzwerk. Im Bereich Life-Sciences sind wir anerkannte und erfolgreiche Partner in einem umfangreichen Netzwerk, das sich f\u00fcr Ihre Merger &amp; Aquisition Vorhaben nutzen l\u00e4\u00dft. Wenn sie auf der Suche nach einem strategischen Partner sind, wenn Sie den geeigneten Partner f\u00fcr einen [&hellip;]<\/p>\n","protected":false},"author":1,"featured_media":0,"parent":0,"menu_order":0,"comment_status":"closed","ping_status":"closed","template":"templates\/template-full.php","meta":{"ngg_post_thumbnail":0,"footnotes":""},"class_list":["post-209","page","type-page","status-publish","hentry","post"],"_links":{"self":[{"href":"https:\/\/www.tpi-consult.ch\/en\/wp-json\/wp\/v2\/pages\/209","targetHints":{"allow":["GET"]}}],"collection":[{"href":"https:\/\/www.tpi-consult.ch\/en\/wp-json\/wp\/v2\/pages"}],"about":[{"href":"https:\/\/www.tpi-consult.ch\/en\/wp-json\/wp\/v2\/types\/page"}],"author":[{"embeddable":true,"href":"https:\/\/www.tpi-consult.ch\/en\/wp-json\/wp\/v2\/users\/1"}],"replies":[{"embeddable":true,"href":"https:\/\/www.tpi-consult.ch\/en\/wp-json\/wp\/v2\/comments?post=209"}],"version-history":[{"count":12,"href":"https:\/\/www.tpi-consult.ch\/en\/wp-json\/wp\/v2\/pages\/209\/revisions"}],"predecessor-version":[{"id":623,"href":"https:\/\/www.tpi-consult.ch\/en\/wp-json\/wp\/v2\/pages\/209\/revisions\/623"}],"wp:attachment":[{"href":"https:\/\/www.tpi-consult.ch\/en\/wp-json\/wp\/v2\/media?parent=209"}],"curies":[{"name":"wp","href":"https:\/\/api.w.org\/{rel}","templated":true}]}}