{"id":203,"date":"2021-04-03T19:46:12","date_gmt":"2021-04-03T19:46:12","guid":{"rendered":"https:\/\/tpi-consult.de\/?page_id=203"},"modified":"2022-06-14T19:50:26","modified_gmt":"2022-06-14T19:50:26","slug":"forschungs-und-entwicklungsmanagement","status":"publish","type":"page","link":"https:\/\/www.tpi-consult.ch\/en\/forschungs-und-entwicklungsmanagement\/","title":{"rendered":"Research and development management"},"content":{"rendered":"<div class=\"wp-block-columns is-layout-flex wp-container-core-columns-is-layout-9d6595d7 wp-block-columns-is-layout-flex\">\n<div class=\"wp-block-column is-layout-flow wp-block-column-is-layout-flow\">\n<blockquote class=\"wp-block-quote is-style-default is-layout-flow wp-block-quote-is-layout-flow\"><p>WALKING A PATH TOGETHER ALSO MEANS TAKING RESPONSIBILITY.<\/p><\/blockquote>\n\n\n\n<p style=\"font-size:18px\">R&amp;D management is a key to success. Your research and development project can only be successful if you are on an equal footing in terms of business management and science.<\/p>\n\n\n\n<figure class=\"wp-block-image size-large\"><noscript><img decoding=\"async\" width=\"1024\" height=\"576\" src=\"https:\/\/tpi-consult.de\/wp-content\/uploads\/2021\/04\/atoms-5064796-1-1024x576.jpg\" alt class=\"wp-image-206\" srcset=\"https:\/\/www.tpi-consult.ch\/wp-content\/uploads\/2021\/04\/atoms-5064796-1-1024x576.jpg 1024w, https:\/\/www.tpi-consult.ch\/wp-content\/uploads\/2021\/04\/atoms-5064796-1-300x169.jpg 300w, https:\/\/www.tpi-consult.ch\/wp-content\/uploads\/2021\/04\/atoms-5064796-1-768x432.jpg 768w, https:\/\/www.tpi-consult.ch\/wp-content\/uploads\/2021\/04\/atoms-5064796-1-1536x864.jpg 1536w, https:\/\/www.tpi-consult.ch\/wp-content\/uploads\/2021\/04\/atoms-5064796-1-2048x1152.jpg 2048w\" sizes=\"(max-width: 1024px) 100vw, 1024px\"><\/noscript><img decoding=\"async\" width=\"1024\" height=\"576\" src=\"data:image\/svg+xml,%3Csvg%20xmlns%3D%22http%3A%2F%2Fwww.w3.org%2F2000%2Fsvg%22%20viewBox%3D%220%200%201024%20576%22%3E%3C%2Fsvg%3E\" alt class=\"wp-image-206 lazyload\" srcset=\"data:image\/svg+xml,%3Csvg%20xmlns%3D%22http%3A%2F%2Fwww.w3.org%2F2000%2Fsvg%22%20viewBox%3D%220%200%201024%20576%22%3E%3C%2Fsvg%3E 1024w\" sizes=\"(max-width: 1024px) 100vw, 1024px\" data-srcset=\"https:\/\/www.tpi-consult.ch\/wp-content\/uploads\/2021\/04\/atoms-5064796-1-1024x576.jpg 1024w, https:\/\/www.tpi-consult.ch\/wp-content\/uploads\/2021\/04\/atoms-5064796-1-300x169.jpg 300w, https:\/\/www.tpi-consult.ch\/wp-content\/uploads\/2021\/04\/atoms-5064796-1-768x432.jpg 768w, https:\/\/www.tpi-consult.ch\/wp-content\/uploads\/2021\/04\/atoms-5064796-1-1536x864.jpg 1536w, https:\/\/www.tpi-consult.ch\/wp-content\/uploads\/2021\/04\/atoms-5064796-1-2048x1152.jpg 2048w\" data-src=\"https:\/\/tpi-consult.de\/wp-content\/uploads\/2021\/04\/atoms-5064796-1-1024x576.jpg\"><\/figure>\n\n\n\n<p style=\"font-size:18px\">Die&nbsp;<strong>tpi consult AG<\/strong>&nbsp;The offers you the opportunity to set up R&amp;D management according to entrepreneurial criteria in the field of life sciences.<\/p>\n<\/div>\n\n\n\n<div class=\"wp-block-column is-layout-flow wp-block-column-is-layout-flow\">\n<p style=\"font-size:18px\" class=\"translation-block\">We are a competent and recognised scientific and business management partner, especially in the pharmaceutical and medical device industry.<br>We accompany the processes of R&amp;D management. Based on extensive project experience, we support you in the analysis of processes and scientific-content controlling instruments. We have extensive experience in the approval of medicinal products according to EMA and the CE certification of medical devices according to MDR.<\/p>\n\n\n\n<figure class=\"wp-block-image size-large\"><noscript><img decoding=\"async\" width=\"1024\" height=\"678\" src=\"https:\/\/tpi-consult.de\/wp-content\/uploads\/2021\/04\/microscope-275984-1-1024x678.jpg\" alt class=\"wp-image-386\" srcset=\"https:\/\/www.tpi-consult.ch\/wp-content\/uploads\/2021\/04\/microscope-275984-1-1024x678.jpg 1024w, https:\/\/www.tpi-consult.ch\/wp-content\/uploads\/2021\/04\/microscope-275984-1-300x199.jpg 300w, https:\/\/www.tpi-consult.ch\/wp-content\/uploads\/2021\/04\/microscope-275984-1-768x509.jpg 768w, https:\/\/www.tpi-consult.ch\/wp-content\/uploads\/2021\/04\/microscope-275984-1-1536x1017.jpg 1536w, https:\/\/www.tpi-consult.ch\/wp-content\/uploads\/2021\/04\/microscope-275984-1-2048x1356.jpg 2048w\" sizes=\"(max-width: 1024px) 100vw, 1024px\"><\/noscript><img decoding=\"async\" width=\"1024\" height=\"678\" src=\"data:image\/svg+xml,%3Csvg%20xmlns%3D%22http%3A%2F%2Fwww.w3.org%2F2000%2Fsvg%22%20viewBox%3D%220%200%201024%20678%22%3E%3C%2Fsvg%3E\" alt class=\"wp-image-386 lazyload\" srcset=\"data:image\/svg+xml,%3Csvg%20xmlns%3D%22http%3A%2F%2Fwww.w3.org%2F2000%2Fsvg%22%20viewBox%3D%220%200%201024%20678%22%3E%3C%2Fsvg%3E 1024w\" sizes=\"(max-width: 1024px) 100vw, 1024px\" data-srcset=\"https:\/\/www.tpi-consult.ch\/wp-content\/uploads\/2021\/04\/microscope-275984-1-1024x678.jpg 1024w, https:\/\/www.tpi-consult.ch\/wp-content\/uploads\/2021\/04\/microscope-275984-1-300x199.jpg 300w, https:\/\/www.tpi-consult.ch\/wp-content\/uploads\/2021\/04\/microscope-275984-1-768x509.jpg 768w, https:\/\/www.tpi-consult.ch\/wp-content\/uploads\/2021\/04\/microscope-275984-1-1536x1017.jpg 1536w, https:\/\/www.tpi-consult.ch\/wp-content\/uploads\/2021\/04\/microscope-275984-1-2048x1356.jpg 2048w\" data-src=\"https:\/\/tpi-consult.de\/wp-content\/uploads\/2021\/04\/microscope-275984-1-1024x678.jpg\"><\/figure>\n<\/div>\n<\/div>","protected":false},"excerpt":{"rendered":"<p>EINEN WEG GEMEINSAM ZU GEHEN HEISST AUCH, VERANTWORTUNG ZU \u00dcBERNEHMEN. F&amp;E-Management ist ein Schl\u00fcssel zum Erfolg. Nur wenn Sie betriebswirtschaftlich als auch wissenschaftlich auf gleicher Augenh\u00f6he sind, kann Ihr Forschung- und Entwicklungsvorhaben erfolgreich werden. Die\u00a0tpi consult AG\u00a0bietet Ihnen die M\u00f6glichkeit, im Bereich Life Sciences ein F&amp;E-Management nach unternehmerischen Kriterien einzurichten. Wir sind wissenschaftlich und betriebswirtschaftlich [&hellip;]<\/p>\n","protected":false},"author":1,"featured_media":0,"parent":0,"menu_order":0,"comment_status":"closed","ping_status":"closed","template":"templates\/template-full-notitle.php","meta":{"ngg_post_thumbnail":0,"footnotes":""},"class_list":["post-203","page","type-page","status-publish","hentry","post"],"_links":{"self":[{"href":"https:\/\/www.tpi-consult.ch\/en\/wp-json\/wp\/v2\/pages\/203","targetHints":{"allow":["GET"]}}],"collection":[{"href":"https:\/\/www.tpi-consult.ch\/en\/wp-json\/wp\/v2\/pages"}],"about":[{"href":"https:\/\/www.tpi-consult.ch\/en\/wp-json\/wp\/v2\/types\/page"}],"author":[{"embeddable":true,"href":"https:\/\/www.tpi-consult.ch\/en\/wp-json\/wp\/v2\/users\/1"}],"replies":[{"embeddable":true,"href":"https:\/\/www.tpi-consult.ch\/en\/wp-json\/wp\/v2\/comments?post=203"}],"version-history":[{"count":8,"href":"https:\/\/www.tpi-consult.ch\/en\/wp-json\/wp\/v2\/pages\/203\/revisions"}],"predecessor-version":[{"id":617,"href":"https:\/\/www.tpi-consult.ch\/en\/wp-json\/wp\/v2\/pages\/203\/revisions\/617"}],"wp:attachment":[{"href":"https:\/\/www.tpi-consult.ch\/en\/wp-json\/wp\/v2\/media?parent=203"}],"curies":[{"name":"wp","href":"https:\/\/api.w.org\/{rel}","templated":true}]}}