{"id":169,"date":"2021-04-03T19:01:56","date_gmt":"2021-04-03T19:01:56","guid":{"rendered":"https:\/\/tpi-consult.de\/?page_id=169"},"modified":"2022-06-14T20:01:42","modified_gmt":"2022-06-14T20:01:42","slug":"leistungsangebot","status":"publish","type":"page","link":"https:\/\/www.tpi-consult.ch\/en\/leistungsangebot\/","title":{"rendered":"Range of services"},"content":{"rendered":"<div class=\"wp-block-columns is-layout-flex wp-container-core-columns-is-layout-9d6595d7 wp-block-columns-is-layout-flex\">\n<div class=\"wp-block-column is-layout-flow wp-block-column-is-layout-flow\">\n<blockquote class=\"wp-block-quote is-style-default is-layout-flow wp-block-quote-is-layout-flow\"><p><strong>ANYTHING A PERSON CAN IMAGINE, THEY CAN ACHIEVE!<\/strong><\/p><\/blockquote>\n\n\n\n<p style=\"font-size:18px\" class=\"translation-block\">The <strong>tpi consult AG<\/strong> is integrated into a national and international network. This enables us to provide comprehensive technological advice and support. We would be happy to provide you with references for the individual fields of activity:<\/p>\n\n\n\n<p><\/p>\n\n\n\n<p><\/p>\n\n\n\n<figure class=\"wp-block-image size-large\"><noscript><img decoding=\"async\" width=\"768\" height=\"1024\" src=\"https:\/\/tpi-consult.de\/wp-content\/uploads\/2021\/04\/baum.jpeg\" alt class=\"wp-image-172\" srcset=\"https:\/\/www.tpi-consult.ch\/wp-content\/uploads\/2021\/04\/baum.jpeg 768w, https:\/\/www.tpi-consult.ch\/wp-content\/uploads\/2021\/04\/baum-225x300.jpeg 225w\" sizes=\"(max-width: 768px) 100vw, 768px\"><\/noscript><img decoding=\"async\" width=\"768\" height=\"1024\" src=\"data:image\/svg+xml,%3Csvg%20xmlns%3D%22http%3A%2F%2Fwww.w3.org%2F2000%2Fsvg%22%20viewBox%3D%220%200%20768%201024%22%3E%3C%2Fsvg%3E\" alt class=\"wp-image-172 lazyload\" srcset=\"data:image\/svg+xml,%3Csvg%20xmlns%3D%22http%3A%2F%2Fwww.w3.org%2F2000%2Fsvg%22%20viewBox%3D%220%200%20768%201024%22%3E%3C%2Fsvg%3E 768w\" sizes=\"(max-width: 768px) 100vw, 768px\" data-srcset=\"https:\/\/www.tpi-consult.ch\/wp-content\/uploads\/2021\/04\/baum.jpeg 768w, https:\/\/www.tpi-consult.ch\/wp-content\/uploads\/2021\/04\/baum-225x300.jpeg 225w\" data-src=\"https:\/\/tpi-consult.de\/wp-content\/uploads\/2021\/04\/baum.jpeg\"><\/figure>\n<\/div>\n\n\n\n<div class=\"wp-block-column is-layout-flow wp-block-column-is-layout-flow\">\n<ul class=\"wp-block-list\" id=\"block-1b10b3f6-39f0-4712-aa5a-04af10da0036\" style=\"font-size:17px\"><li>Consulting and scientific support of life science companies in the fields of preclinical, safety and regulatory affairs<\/li><li>Toxicological reports according to \u00a7 24.2 AMG and REACh reports<\/li><li>Expert opinion according to EMA\/CHMP\/ CVMP\/ SWP\/169430\/2012: Shared Facilities<\/li><li>Preparation of PDE reports according to EMA Guideline<\/li><li>Toxicological reports on impurities in medicinal products and medical devices<\/li><li>Valuation of extractables and leachables<\/li><\/ul>\n\n\n\n<ul class=\"wp-block-list\" id=\"block-1b10b3f6-39f0-4712-aa5a-04af10da0036\" style=\"font-size:17px\"><li>Preparation of Common Technical Documents (CTD, e-CTD)<\/li><li>Support with approval-relevant questions\/step-by-step plan procedures<\/li><li>Feasibility studies for innovative products<\/li><li>Manufacturing and control line according to \u00a7 15.1 and \u00a7 15.3 AMG<\/li><li>Organisation and monitoring of clinical trials<\/li><li>OEL\/OEB assessments for pharmaceutical manufacturers<\/li><li>Production of publications, press and public relations work<\/li><li>Support and advice for VC\/PE investments<\/li><li>Preparation of PDE reports according to EMA Guideline<\/li><li>Technology Due diligence<\/li><li>Technology Turnaround<\/li><li>Advice to investors (equity investments)<\/li><\/ul>\n<\/div>\n<\/div>","protected":false},"excerpt":{"rendered":"<p>ALLES, WAS SICH EIN MENSCH VORSTELLEN KANN, KANN ER AUCH ERREICHEN! Die\u00a0tpi consult AG\u00a0ist in ein nationales und internationales Netzwerk eingebunden. Dadurch sind eine umfassende technologische Beratung und Unterst\u00fctzung m\u00f6glich. Gern nennen wir Ihnen Referenzen f\u00fcr die einzelnen Aufgabengebiete: Beratung und wissenschaftliche Unterst\u00fctzung von Life Science Unternehmen auf den Gebieten der Pr\u00e4klinik, Safety und Zulassung [&hellip;]<\/p>\n","protected":false},"author":1,"featured_media":0,"parent":0,"menu_order":0,"comment_status":"closed","ping_status":"closed","template":"templates\/template-full.php","meta":{"ngg_post_thumbnail":0,"footnotes":""},"class_list":["post-169","page","type-page","status-publish","hentry","post"],"_links":{"self":[{"href":"https:\/\/www.tpi-consult.ch\/en\/wp-json\/wp\/v2\/pages\/169","targetHints":{"allow":["GET"]}}],"collection":[{"href":"https:\/\/www.tpi-consult.ch\/en\/wp-json\/wp\/v2\/pages"}],"about":[{"href":"https:\/\/www.tpi-consult.ch\/en\/wp-json\/wp\/v2\/types\/page"}],"author":[{"embeddable":true,"href":"https:\/\/www.tpi-consult.ch\/en\/wp-json\/wp\/v2\/users\/1"}],"replies":[{"embeddable":true,"href":"https:\/\/www.tpi-consult.ch\/en\/wp-json\/wp\/v2\/comments?post=169"}],"version-history":[{"count":6,"href":"https:\/\/www.tpi-consult.ch\/en\/wp-json\/wp\/v2\/pages\/169\/revisions"}],"predecessor-version":[{"id":622,"href":"https:\/\/www.tpi-consult.ch\/en\/wp-json\/wp\/v2\/pages\/169\/revisions\/622"}],"wp:attachment":[{"href":"https:\/\/www.tpi-consult.ch\/en\/wp-json\/wp\/v2\/media?parent=169"}],"curies":[{"name":"wp","href":"https:\/\/api.w.org\/{rel}","templated":true}]}}