{"id":85,"date":"2021-04-03T16:59:04","date_gmt":"2021-04-03T16:59:04","guid":{"rendered":"https:\/\/tpi-consult.de\/?page_id=85"},"modified":"2022-06-14T21:05:22","modified_gmt":"2022-06-14T21:05:22","slug":"biographie","status":"publish","type":"page","link":"https:\/\/www.tpi-consult.ch\/deu\/biographie\/","title":{"rendered":"Biographie"},"content":{"rendered":"<div class=\"wp-block-columns is-layout-flex wp-container-core-columns-is-layout-9d6595d7 wp-block-columns-is-layout-flex\"><\/div>\n\n\n\n<div class=\"wp-block-columns is-layout-flex wp-container-core-columns-is-layout-9d6595d7 wp-block-columns-is-layout-flex\">\n<div class=\"wp-block-column is-vertically-aligned-bottom is-layout-flow wp-block-column-is-layout-flow\">\n<figure class=\"wp-block-image size-large is-resized\"><noscript><img decoding=\"async\" src=\"https:\/\/tpi-consult.de\/wp-content\/uploads\/2021\/04\/Stefan-Hockertz-Goldwand-1-von-1-1-scaled-e1617470303623.jpg\" alt class=\"wp-image-92\" width=\"344\" height=\"239\"><\/noscript><img decoding=\"async\" src=\"data:image\/svg+xml,%3Csvg%20xmlns%3D%22http%3A%2F%2Fwww.w3.org%2F2000%2Fsvg%22%20viewBox%3D%220%200%20344%20239%22%3E%3C%2Fsvg%3E\" alt class=\"wp-image-92 lazyload\" width=\"344\" height=\"239\" data-src=\"https:\/\/tpi-consult.de\/wp-content\/uploads\/2021\/04\/Stefan-Hockertz-Goldwand-1-von-1-1-scaled-e1617470303623.jpg\"><\/figure>\n\n\n\n<p style=\"font-size:18px\"><strong>Professor Dr. rer. nat. Stefan W. Hockertz<\/strong>, geboren 1960, ist als Immunologe, Pharmakologe und Toxikologe gesch\u00e4ftsf\u00fchrender Gesellschafter der <strong>tpi consult AG<\/strong> in der Schweiz, einer der f\u00fchrenden toxikologischen und pharmakologischen Technologieberatungen in Europa. Zuvor arbeitete er, zuletzt als Direktor und Professor des Institutes f\u00fcr Experimentelle und Klinische Toxikologie, am Universit\u00e4tsklinikum Hamburg Eppendorf von 1999 bis Ende 2004.<\/p>\n<\/div>\n\n\n\n<div class=\"wp-block-column is-layout-flow wp-block-column-is-layout-flow\">\n<p style=\"font-size:18px\">Davor war er Mitglied des Direktoriums des Fraunhofer Institutes f\u00fcr Toxikologie und Umweltmedizin in Hamburg von 1995 bis 2002 und von 1986 bis 2001 arbeitete er als Forscher bei der Fraunhofer Gesellschaft in Hannover. Seine erste akademische Ausbildung als Diplombiologe erhielt Hockertz 1985. Als GmbH 1994 in Deutschland gegr\u00fcndet Prof. Hockertz gr\u00fcndete die <strong>tpi consult <\/strong>als GmbH in Deutschland, die Gr\u00fcndung in der Schweiz erfolgte 2011. Im Mai 2022 erfolgte die Umwandlung in die <strong>tpi consult AG<\/strong>. <\/p>\n\n\n\n<p style=\"font-size:18px\">Prof. Stefan W. Hockertz ist zum \u201eEurotox Registered Toxicologist\u201c ernannt, zudem h\u00e4lt er die Ernennung zum Herstellungs- und Kontrolleiter gem\u00e4\u00df \u00a7 15.1 und \u00a715.3 des Arzneimittelgesetzes. Hockertz ist Dr. rer. nat. in Biologie an der Universit\u00e4t Hannover, habilitiert im Fachbereich Medizin f\u00fcr die F\u00e4cher Toxikologie und Pharmakologie, war Professor f\u00fcr Molekulare Immuntoxikologie am Universit\u00e4tsklinikum Hamburg Eppendorf und ist Professor der Universit\u00e4t Hamburg.<\/p>\n<\/div>\n<\/div>\n","protected":false},"excerpt":{"rendered":"<p>Professor Dr. rer. nat. Stefan W. Hockertz, geboren 1960, ist als Immunologe, Pharmakologe und Toxikologe gesch\u00e4ftsf\u00fchrender Gesellschafter der tpi consult AG in der Schweiz, einer der f\u00fchrenden toxikologischen und pharmakologischen Technologieberatungen in Europa. Zuvor arbeitete er, zuletzt als Direktor und Professor des Institutes f\u00fcr Experimentelle und Klinische Toxikologie, am Universit\u00e4tsklinikum Hamburg Eppendorf von 1999 bis [&hellip;]<\/p>\n","protected":false},"author":1,"featured_media":0,"parent":0,"menu_order":0,"comment_status":"closed","ping_status":"closed","template":"templates\/template-full.php","meta":{"ngg_post_thumbnail":0,"footnotes":""},"class_list":["post-85","page","type-page","status-publish","hentry","post"],"_links":{"self":[{"href":"https:\/\/www.tpi-consult.ch\/deu\/wp-json\/wp\/v2\/pages\/85","targetHints":{"allow":["GET"]}}],"collection":[{"href":"https:\/\/www.tpi-consult.ch\/deu\/wp-json\/wp\/v2\/pages"}],"about":[{"href":"https:\/\/www.tpi-consult.ch\/deu\/wp-json\/wp\/v2\/types\/page"}],"author":[{"embeddable":true,"href":"https:\/\/www.tpi-consult.ch\/deu\/wp-json\/wp\/v2\/users\/1"}],"replies":[{"embeddable":true,"href":"https:\/\/www.tpi-consult.ch\/deu\/wp-json\/wp\/v2\/comments?post=85"}],"version-history":[{"count":17,"href":"https:\/\/www.tpi-consult.ch\/deu\/wp-json\/wp\/v2\/pages\/85\/revisions"}],"predecessor-version":[{"id":636,"href":"https:\/\/www.tpi-consult.ch\/deu\/wp-json\/wp\/v2\/pages\/85\/revisions\/636"}],"wp:attachment":[{"href":"https:\/\/www.tpi-consult.ch\/deu\/wp-json\/wp\/v2\/media?parent=85"}],"curies":[{"name":"wp","href":"https:\/\/api.w.org\/{rel}","templated":true}]}}