{"id":479,"date":"2021-05-15T10:09:07","date_gmt":"2021-05-15T10:09:07","guid":{"rendered":"https:\/\/tpi-consult.de\/?page_id=479"},"modified":"2022-08-28T14:19:13","modified_gmt":"2022-08-28T14:19:13","slug":"tpi-consult-gmbh","status":"publish","type":"page","link":"https:\/\/www.tpi-consult.ch\/deu\/tpi-consult-gmbh\/","title":{"rendered":"tpi consult   AG"},"content":{"rendered":"<div class=\"wp-block-columns is-layout-flex wp-container-core-columns-is-layout-9d6595d7 wp-block-columns-is-layout-flex\">\n<div class=\"wp-block-column is-layout-flow wp-block-column-is-layout-flow\">\n<blockquote class=\"wp-block-quote is-layout-flow wp-block-quote-is-layout-flow\"><p><strong>DAS GESP\u00dcR F\u00dcR CHANCEN UND DIE F\u00c4HIGKEIT, SIE ZU NUTZEN, SIND DIE SCHL\u00dcSSEL ZUM ERFOLG!<\/strong><\/p><\/blockquote>\n<\/div>\n\n\n\n<div class=\"wp-block-column is-layout-flow wp-block-column-is-layout-flow\">\n<p><\/p>\n<\/div>\n<\/div>\n\n\n\n<div class=\"wp-block-columns is-layout-flex wp-container-core-columns-is-layout-9d6595d7 wp-block-columns-is-layout-flex\">\n<div class=\"wp-block-column is-layout-flow wp-block-column-is-layout-flow\">\n<p style=\"font-size:18px\">Die Zielkunden der&nbsp;<strong>tpi consult AG<\/strong>&nbsp;sind technologieorientierte Wachstumsunternehmen der Pharma-, Medizinprodukte-, Chemie-, Lebensmittel- und Kosmetikbranche sowie alle Unternehmen, die sich mit pharmakologischen und toxikologischen Fragestellungen besch\u00e4ftigen. Dazu geh\u00f6ren alle Fragen zur Sicherheit eines Produktes f\u00fcr den Menschen.<\/p>\n\n\n\n<p style=\"font-size:18px\"><strong>tpi consult AG<\/strong>&nbsp;bietet erfolgreich individuell zugeschnittene Beratungskonzepte mit hohem wissenschaftlichem Anspruch.<\/p>\n\n\n\n<p style=\"font-size:18px\"><strong>tpi consult AG<\/strong>&nbsp;stellt aus ihrer langj\u00e4hrigen Erfahrung auch das Bindeglied zwischen Life Science und dem Wirtschafts- und Finanzsektor dar. Wir sprechen beide Sprachen. Wir verstehen beide Denkkonzepte. Wir k\u00f6nnen themen\u00fcbergreifend Aufgaben f\u00fcr Sie \u00fcbernehmen.<\/p>\n<\/div>\n\n\n\n<div class=\"wp-block-column is-layout-flow wp-block-column-is-layout-flow\">\n<p style=\"font-size:18px\">Unsere Erfahrung und unsere Life Science Technologieexpertise gew\u00e4hrleisten eine optimale Unterst\u00fctzung Ihres Unternehmens. Ein H\u00f6chstma\u00df an wissenschaftlichem Know How, Flexibilit\u00e4t, Zuverl\u00e4ssigkeit und Diskretion ist f\u00fcr uns selbstverst\u00e4ndlich.<\/p>\n\n\n\n<figure class=\"wp-block-image size-large\"><noscript><img decoding=\"async\" width=\"1024\" height=\"768\" src=\"https:\/\/tpi-consult.de\/wp-content\/uploads\/2021\/04\/bergsee.jpeg\" alt class=\"wp-image-165\" srcset=\"https:\/\/www.tpi-consult.ch\/wp-content\/uploads\/2021\/04\/bergsee.jpeg 1024w, https:\/\/www.tpi-consult.ch\/wp-content\/uploads\/2021\/04\/bergsee-300x225.jpeg 300w, https:\/\/www.tpi-consult.ch\/wp-content\/uploads\/2021\/04\/bergsee-768x576.jpeg 768w\" sizes=\"(max-width: 1024px) 100vw, 1024px\"><\/noscript><img decoding=\"async\" width=\"1024\" height=\"768\" src=\"data:image\/svg+xml,%3Csvg%20xmlns%3D%22http%3A%2F%2Fwww.w3.org%2F2000%2Fsvg%22%20viewBox%3D%220%200%201024%20768%22%3E%3C%2Fsvg%3E\" alt class=\"wp-image-165 lazyload\" srcset=\"data:image\/svg+xml,%3Csvg%20xmlns%3D%22http%3A%2F%2Fwww.w3.org%2F2000%2Fsvg%22%20viewBox%3D%220%200%201024%20768%22%3E%3C%2Fsvg%3E 1024w\" sizes=\"(max-width: 1024px) 100vw, 1024px\" data-srcset=\"https:\/\/www.tpi-consult.ch\/wp-content\/uploads\/2021\/04\/bergsee.jpeg 1024w, https:\/\/www.tpi-consult.ch\/wp-content\/uploads\/2021\/04\/bergsee-300x225.jpeg 300w, https:\/\/www.tpi-consult.ch\/wp-content\/uploads\/2021\/04\/bergsee-768x576.jpeg 768w\" data-src=\"https:\/\/tpi-consult.de\/wp-content\/uploads\/2021\/04\/bergsee.jpeg\"><\/figure>\n\n\n\n<p style=\"font-size:18px\"><strong>tpi consult AG<\/strong>&nbsp;bietet keine fertigen Konzepte an, sondern erarbeitet schnell und zuverl\u00e4ssig individuelle L\u00f6sungen. Unser Arbeiten ist ergebnis- und umsetzungsorientiert. Konkretes Handeln ist unsere St\u00e4rke.<\/p>\n<\/div>\n<\/div>\n","protected":false},"excerpt":{"rendered":"<p>DAS GESP\u00dcR F\u00dcR CHANCEN UND DIE F\u00c4HIGKEIT, SIE ZU NUTZEN, SIND DIE SCHL\u00dcSSEL ZUM ERFOLG! Die Zielkunden der&nbsp;tpi consult AG&nbsp;sind technologieorientierte Wachstumsunternehmen der Pharma-, Medizinprodukte-, Chemie-, Lebensmittel- und Kosmetikbranche sowie alle Unternehmen, die sich mit pharmakologischen und toxikologischen Fragestellungen besch\u00e4ftigen. Dazu geh\u00f6ren alle Fragen zur Sicherheit eines Produktes f\u00fcr den Menschen. tpi consult AG&nbsp;bietet erfolgreich [&hellip;]<\/p>\n","protected":false},"author":1,"featured_media":0,"parent":0,"menu_order":0,"comment_status":"closed","ping_status":"closed","template":"","meta":{"ngg_post_thumbnail":0,"footnotes":""},"class_list":["post-479","page","type-page","status-publish","hentry","post"],"_links":{"self":[{"href":"https:\/\/www.tpi-consult.ch\/deu\/wp-json\/wp\/v2\/pages\/479","targetHints":{"allow":["GET"]}}],"collection":[{"href":"https:\/\/www.tpi-consult.ch\/deu\/wp-json\/wp\/v2\/pages"}],"about":[{"href":"https:\/\/www.tpi-consult.ch\/deu\/wp-json\/wp\/v2\/types\/page"}],"author":[{"embeddable":true,"href":"https:\/\/www.tpi-consult.ch\/deu\/wp-json\/wp\/v2\/users\/1"}],"replies":[{"embeddable":true,"href":"https:\/\/www.tpi-consult.ch\/deu\/wp-json\/wp\/v2\/comments?post=479"}],"version-history":[{"count":11,"href":"https:\/\/www.tpi-consult.ch\/deu\/wp-json\/wp\/v2\/pages\/479\/revisions"}],"predecessor-version":[{"id":661,"href":"https:\/\/www.tpi-consult.ch\/deu\/wp-json\/wp\/v2\/pages\/479\/revisions\/661"}],"wp:attachment":[{"href":"https:\/\/www.tpi-consult.ch\/deu\/wp-json\/wp\/v2\/media?parent=479"}],"curies":[{"name":"wp","href":"https:\/\/api.w.org\/{rel}","templated":true}]}}