{"id":194,"date":"2021-04-03T19:36:19","date_gmt":"2021-04-03T19:36:19","guid":{"rendered":"https:\/\/tpi-consult.de\/?page_id=194"},"modified":"2022-06-14T20:06:01","modified_gmt":"2022-06-14T20:06:01","slug":"zulassung","status":"publish","type":"page","link":"https:\/\/www.tpi-consult.ch\/deu\/zulassung\/","title":{"rendered":"Zulassung"},"content":{"rendered":"<div class=\"wp-block-columns is-layout-flex wp-container-core-columns-is-layout-9d6595d7 wp-block-columns-is-layout-flex\">\n<div class=\"wp-block-column is-layout-flow wp-block-column-is-layout-flow\">\n<blockquote class=\"wp-block-quote is-style-default is-layout-flow wp-block-quote-is-layout-flow\"><p>ES LIEGT ALLEIN AN UNS, OB WIR AUS VIELEN STEINEN, DIE AUF DEM WEG LIEGEN, EINE BR\u00dcCKE BAUEN.<\/p><\/blockquote>\n\n\n\n<p style=\"font-size:18px\">Bei der Zulassung von Arzneimitteln, Chemikalien, Lebensmitteln und Kosmetika werden an Sie immer h\u00f6here Anforderungen gestellt.&nbsp;Die CE Zertifizierung und Rezertifizierung von Medizinprodukten nach der neuen Medical Device Regulation MDR stellt ein gro\u00dfe Herausforderung dar. <strong>tpi consult AG<\/strong>&nbsp;besitzt die Expertise und Erfahrung, Sie bei diesen Aufgaben zu unterst\u00fctzen. Wir verf\u00fcgen \u00fcber die Zertifizierung als EUROTOX reg. Toxicologist.<\/p>\n\n\n\n<p style=\"font-size:18px\">BfArM, PEI, EMEA und FDA und verschiedenen Benannte Stellen sind unsere Partner bei der Arzneimittelzulassung und CE Zertifizierung.<\/p>\n\n\n\n<p style=\"font-size:18px\">Wir erstellen f\u00fcr Sie Common Technical Documents (CTD und e-CTD). <\/p>\n<\/div>\n\n\n\n<div class=\"wp-block-column is-layout-flow wp-block-column-is-layout-flow\">\n<figure class=\"wp-block-image size-large\"><noscript><img decoding=\"async\" width=\"1024\" height=\"614\" src=\"https:\/\/tpi-consult.de\/wp-content\/uploads\/2021\/04\/syringe-1884784-1024x614.jpg\" alt class=\"wp-image-384\" srcset=\"https:\/\/www.tpi-consult.ch\/wp-content\/uploads\/2021\/04\/syringe-1884784-1024x614.jpg 1024w, https:\/\/www.tpi-consult.ch\/wp-content\/uploads\/2021\/04\/syringe-1884784-300x180.jpg 300w, https:\/\/www.tpi-consult.ch\/wp-content\/uploads\/2021\/04\/syringe-1884784-768x461.jpg 768w, https:\/\/www.tpi-consult.ch\/wp-content\/uploads\/2021\/04\/syringe-1884784-1536x922.jpg 1536w, https:\/\/www.tpi-consult.ch\/wp-content\/uploads\/2021\/04\/syringe-1884784-2048x1229.jpg 2048w\" sizes=\"(max-width: 1024px) 100vw, 1024px\"><\/noscript><img decoding=\"async\" width=\"1024\" height=\"614\" src=\"data:image\/svg+xml,%3Csvg%20xmlns%3D%22http%3A%2F%2Fwww.w3.org%2F2000%2Fsvg%22%20viewBox%3D%220%200%201024%20614%22%3E%3C%2Fsvg%3E\" alt class=\"wp-image-384 lazyload\" srcset=\"data:image\/svg+xml,%3Csvg%20xmlns%3D%22http%3A%2F%2Fwww.w3.org%2F2000%2Fsvg%22%20viewBox%3D%220%200%201024%20614%22%3E%3C%2Fsvg%3E 1024w\" sizes=\"(max-width: 1024px) 100vw, 1024px\" data-srcset=\"https:\/\/www.tpi-consult.ch\/wp-content\/uploads\/2021\/04\/syringe-1884784-1024x614.jpg 1024w, https:\/\/www.tpi-consult.ch\/wp-content\/uploads\/2021\/04\/syringe-1884784-300x180.jpg 300w, https:\/\/www.tpi-consult.ch\/wp-content\/uploads\/2021\/04\/syringe-1884784-768x461.jpg 768w, https:\/\/www.tpi-consult.ch\/wp-content\/uploads\/2021\/04\/syringe-1884784-1536x922.jpg 1536w, https:\/\/www.tpi-consult.ch\/wp-content\/uploads\/2021\/04\/syringe-1884784-2048x1229.jpg 2048w\" data-src=\"https:\/\/tpi-consult.de\/wp-content\/uploads\/2021\/04\/syringe-1884784-1024x614.jpg\"><\/figure>\n\n\n\n<p style=\"font-size:18px\">Wir besitzen gro\u00dfe Expertise in der Erstellung von Biological Expert Reports BER und Clinical Expert Reports CER zur Medizinproduktezertifizierung.<\/p>\n\n\n\n<p style=\"font-size:18px\">Unsere Kernkompetenzen liegen im Bereich der Toxikologie, Pharmakologie und Immunologie.<\/p>\n\n\n\n<p style=\"font-size:18px\">Die Planung, Betreuung und Durchf\u00fchrung pr\u00e4klinischer und klinischer Pr\u00fcfungen stellt Ihnen&nbsp;<strong>tpi consult AG<\/strong> zur Verf\u00fcgung.<\/p>\n<\/div>\n<\/div>\n","protected":false},"excerpt":{"rendered":"<p>ES LIEGT ALLEIN AN UNS, OB WIR AUS VIELEN STEINEN, DIE AUF DEM WEG LIEGEN, EINE BR\u00dcCKE BAUEN. Bei der Zulassung von Arzneimitteln, Chemikalien, Lebensmitteln und Kosmetika werden an Sie immer h\u00f6here Anforderungen gestellt.\u00a0Die CE Zertifizierung und Rezertifizierung von Medizinprodukten nach der neuen Medical Device Regulation MDR stellt ein gro\u00dfe Herausforderung dar. tpi consult AG\u00a0besitzt [&hellip;]<\/p>\n","protected":false},"author":1,"featured_media":0,"parent":0,"menu_order":0,"comment_status":"closed","ping_status":"closed","template":"templates\/template-full.php","meta":{"ngg_post_thumbnail":0,"footnotes":""},"class_list":["post-194","page","type-page","status-publish","hentry","post"],"_links":{"self":[{"href":"https:\/\/www.tpi-consult.ch\/deu\/wp-json\/wp\/v2\/pages\/194","targetHints":{"allow":["GET"]}}],"collection":[{"href":"https:\/\/www.tpi-consult.ch\/deu\/wp-json\/wp\/v2\/pages"}],"about":[{"href":"https:\/\/www.tpi-consult.ch\/deu\/wp-json\/wp\/v2\/types\/page"}],"author":[{"embeddable":true,"href":"https:\/\/www.tpi-consult.ch\/deu\/wp-json\/wp\/v2\/users\/1"}],"replies":[{"embeddable":true,"href":"https:\/\/www.tpi-consult.ch\/deu\/wp-json\/wp\/v2\/comments?post=194"}],"version-history":[{"count":8,"href":"https:\/\/www.tpi-consult.ch\/deu\/wp-json\/wp\/v2\/pages\/194\/revisions"}],"predecessor-version":[{"id":629,"href":"https:\/\/www.tpi-consult.ch\/deu\/wp-json\/wp\/v2\/pages\/194\/revisions\/629"}],"wp:attachment":[{"href":"https:\/\/www.tpi-consult.ch\/deu\/wp-json\/wp\/v2\/media?parent=194"}],"curies":[{"name":"wp","href":"https:\/\/api.w.org\/{rel}","templated":true}]}}