{"id":186,"date":"2021-04-03T19:22:04","date_gmt":"2021-04-03T19:22:04","guid":{"rendered":"https:\/\/tpi-consult.de\/?page_id=186"},"modified":"2022-06-14T20:04:00","modified_gmt":"2022-06-14T20:04:00","slug":"strategie","status":"publish","type":"page","link":"https:\/\/www.tpi-consult.ch\/deu\/strategie\/","title":{"rendered":"Strategie"},"content":{"rendered":"<div class=\"wp-block-columns is-layout-flex wp-container-core-columns-is-layout-9d6595d7 wp-block-columns-is-layout-flex\">\n<div class=\"wp-block-column is-layout-flow wp-block-column-is-layout-flow\">\n<blockquote class=\"wp-block-quote is-layout-flow wp-block-quote-is-layout-flow\"><p>UNSERE VISIONEN BEGINNEN MIT IHREN ZIELEN!<\/p><\/blockquote>\n\n\n\n<p style=\"font-size:18px\">Am Anfang steht immer ein Ziel, Ihr Ziel. Wir erarbeiten mit Ihnen gemeinsam daraus eine Vision. Mit wissenschaftlicher Expertise und strategischem K\u00f6nnen konkretisieren wir diese Vision, um eine hohe Wertsteigerung f\u00fcr Ihr Unternehmen zu erzielen.<\/p>\n\n\n\n<p style=\"font-size:18px\">Wir verstehen uns als Sparringspartner insbesondere bei wissenschaftlichen und strategischen Fragestellungen. Wir ergr\u00fcnden gemeinsam mit Ihnen den Marktwert Ihrer Idee. Wir sprechen \u00fcber m\u00f6gliche wissenschaftliche und wirtschaftliche Parameter Ihrer Unternehmensidee und deren Wertsch\u00f6pfung. Wir begleiten Sie in weiteren Wachstumsphasen und \u00fcberpr\u00fcfen gemeinsam mit Ihnen die Erfolgschancen Ihrer und unserer Visionen am Markt.<\/p>\n<\/div>\n\n\n\n<div class=\"wp-block-column is-layout-flow wp-block-column-is-layout-flow\">\n<p style=\"font-size:18px\">Auf Basis der aktuellen Markt- und Wettbewerbssituation \u00fcberpr\u00fcfen wir die strategische Ausrichtung Ihres Unternehmens sowie Ihr Wertsteigerungspotenzial. Wir zeigen f\u00fcr Ihr Unternehmen zugeschnittene L\u00f6sungsans\u00e4tze auf.<\/p>\n\n\n\n<p style=\"font-size:18px\">F\u00fcr diese Arbeit entwickeln wir zusammen mit Ihnen Zukunftsszenarien und die dazu notwendigen Strategien zu deren Realisierung. Die&nbsp;<strong>tpi consult AG<\/strong>&nbsp;begleitet Sie professionell bei der Evaluierung und st\u00e4ndigen Anpassung an die sich ver\u00e4ndernden Rahmenbedingungen.<\/p>\n\n\n\n<figure class=\"wp-block-image size-large\"><noscript><img decoding=\"async\" width=\"1024\" height=\"682\" src=\"https:\/\/tpi-consult.de\/wp-content\/uploads\/2021\/04\/chess-3012481_1920-1024x682.jpg\" alt class=\"wp-image-189\" srcset=\"https:\/\/www.tpi-consult.ch\/wp-content\/uploads\/2021\/04\/chess-3012481_1920-1024x682.jpg 1024w, https:\/\/www.tpi-consult.ch\/wp-content\/uploads\/2021\/04\/chess-3012481_1920-300x200.jpg 300w, https:\/\/www.tpi-consult.ch\/wp-content\/uploads\/2021\/04\/chess-3012481_1920-768x512.jpg 768w, https:\/\/www.tpi-consult.ch\/wp-content\/uploads\/2021\/04\/chess-3012481_1920-1536x1023.jpg 1536w, https:\/\/www.tpi-consult.ch\/wp-content\/uploads\/2021\/04\/chess-3012481_1920-272x182.jpg 272w, https:\/\/www.tpi-consult.ch\/wp-content\/uploads\/2021\/04\/chess-3012481_1920.jpg 1920w\" sizes=\"(max-width: 1024px) 100vw, 1024px\"><\/noscript><img decoding=\"async\" width=\"1024\" height=\"682\" src=\"data:image\/svg+xml,%3Csvg%20xmlns%3D%22http%3A%2F%2Fwww.w3.org%2F2000%2Fsvg%22%20viewBox%3D%220%200%201024%20682%22%3E%3C%2Fsvg%3E\" alt class=\"wp-image-189 lazyload\" srcset=\"data:image\/svg+xml,%3Csvg%20xmlns%3D%22http%3A%2F%2Fwww.w3.org%2F2000%2Fsvg%22%20viewBox%3D%220%200%201024%20682%22%3E%3C%2Fsvg%3E 1024w\" sizes=\"(max-width: 1024px) 100vw, 1024px\" data-srcset=\"https:\/\/www.tpi-consult.ch\/wp-content\/uploads\/2021\/04\/chess-3012481_1920-1024x682.jpg 1024w, https:\/\/www.tpi-consult.ch\/wp-content\/uploads\/2021\/04\/chess-3012481_1920-300x200.jpg 300w, https:\/\/www.tpi-consult.ch\/wp-content\/uploads\/2021\/04\/chess-3012481_1920-768x512.jpg 768w, https:\/\/www.tpi-consult.ch\/wp-content\/uploads\/2021\/04\/chess-3012481_1920-1536x1023.jpg 1536w, https:\/\/www.tpi-consult.ch\/wp-content\/uploads\/2021\/04\/chess-3012481_1920-272x182.jpg 272w, https:\/\/www.tpi-consult.ch\/wp-content\/uploads\/2021\/04\/chess-3012481_1920.jpg 1920w\" data-src=\"https:\/\/tpi-consult.de\/wp-content\/uploads\/2021\/04\/chess-3012481_1920-1024x682.jpg\"><\/figure>\n<\/div>\n<\/div>\n","protected":false},"excerpt":{"rendered":"<p>UNSERE VISIONEN BEGINNEN MIT IHREN ZIELEN! Am Anfang steht immer ein Ziel, Ihr Ziel. Wir erarbeiten mit Ihnen gemeinsam daraus eine Vision. Mit wissenschaftlicher Expertise und strategischem K\u00f6nnen konkretisieren wir diese Vision, um eine hohe Wertsteigerung f\u00fcr Ihr Unternehmen zu erzielen. Wir verstehen uns als Sparringspartner insbesondere bei wissenschaftlichen und strategischen Fragestellungen. Wir ergr\u00fcnden gemeinsam [&hellip;]<\/p>\n","protected":false},"author":1,"featured_media":0,"parent":0,"menu_order":0,"comment_status":"closed","ping_status":"closed","template":"templates\/template-full-notitle.php","meta":{"ngg_post_thumbnail":0,"footnotes":""},"class_list":["post-186","page","type-page","status-publish","hentry","post"],"_links":{"self":[{"href":"https:\/\/www.tpi-consult.ch\/deu\/wp-json\/wp\/v2\/pages\/186","targetHints":{"allow":["GET"]}}],"collection":[{"href":"https:\/\/www.tpi-consult.ch\/deu\/wp-json\/wp\/v2\/pages"}],"about":[{"href":"https:\/\/www.tpi-consult.ch\/deu\/wp-json\/wp\/v2\/types\/page"}],"author":[{"embeddable":true,"href":"https:\/\/www.tpi-consult.ch\/deu\/wp-json\/wp\/v2\/users\/1"}],"replies":[{"embeddable":true,"href":"https:\/\/www.tpi-consult.ch\/deu\/wp-json\/wp\/v2\/comments?post=186"}],"version-history":[{"count":8,"href":"https:\/\/www.tpi-consult.ch\/deu\/wp-json\/wp\/v2\/pages\/186\/revisions"}],"predecessor-version":[{"id":626,"href":"https:\/\/www.tpi-consult.ch\/deu\/wp-json\/wp\/v2\/pages\/186\/revisions\/626"}],"wp:attachment":[{"href":"https:\/\/www.tpi-consult.ch\/deu\/wp-json\/wp\/v2\/media?parent=186"}],"curies":[{"name":"wp","href":"https:\/\/api.w.org\/{rel}","templated":true}]}}