{"id":169,"date":"2021-04-03T19:01:56","date_gmt":"2021-04-03T19:01:56","guid":{"rendered":"https:\/\/tpi-consult.de\/?page_id=169"},"modified":"2022-06-14T20:01:42","modified_gmt":"2022-06-14T20:01:42","slug":"leistungsangebot","status":"publish","type":"page","link":"https:\/\/www.tpi-consult.ch\/deu\/leistungsangebot\/","title":{"rendered":"Leistungsangebot"},"content":{"rendered":"<div class=\"wp-block-columns is-layout-flex wp-container-core-columns-is-layout-9d6595d7 wp-block-columns-is-layout-flex\">\n<div class=\"wp-block-column is-layout-flow wp-block-column-is-layout-flow\">\n<blockquote class=\"wp-block-quote is-style-default is-layout-flow wp-block-quote-is-layout-flow\"><p><strong>ALLES, WAS SICH EIN MENSCH VORSTELLEN KANN, KANN ER AUCH ERREICHEN!<\/strong><\/p><\/blockquote>\n\n\n\n<p style=\"font-size:18px\">Die&nbsp;<strong>tpi consult AG<\/strong>&nbsp;ist in ein nationales und internationales Netzwerk eingebunden. Dadurch sind eine umfassende technologische Beratung und Unterst\u00fctzung m\u00f6glich. Gern nennen wir Ihnen Referenzen f\u00fcr die einzelnen Aufgabengebiete:<\/p>\n\n\n\n<p><\/p>\n\n\n\n<p><\/p>\n\n\n\n<figure class=\"wp-block-image size-large\"><noscript><img decoding=\"async\" width=\"768\" height=\"1024\" src=\"https:\/\/tpi-consult.de\/wp-content\/uploads\/2021\/04\/baum.jpeg\" alt class=\"wp-image-172\" srcset=\"https:\/\/www.tpi-consult.ch\/wp-content\/uploads\/2021\/04\/baum.jpeg 768w, https:\/\/www.tpi-consult.ch\/wp-content\/uploads\/2021\/04\/baum-225x300.jpeg 225w\" sizes=\"(max-width: 768px) 100vw, 768px\"><\/noscript><img decoding=\"async\" width=\"768\" height=\"1024\" src=\"data:image\/svg+xml,%3Csvg%20xmlns%3D%22http%3A%2F%2Fwww.w3.org%2F2000%2Fsvg%22%20viewBox%3D%220%200%20768%201024%22%3E%3C%2Fsvg%3E\" alt class=\"wp-image-172 lazyload\" srcset=\"data:image\/svg+xml,%3Csvg%20xmlns%3D%22http%3A%2F%2Fwww.w3.org%2F2000%2Fsvg%22%20viewBox%3D%220%200%20768%201024%22%3E%3C%2Fsvg%3E 768w\" sizes=\"(max-width: 768px) 100vw, 768px\" data-srcset=\"https:\/\/www.tpi-consult.ch\/wp-content\/uploads\/2021\/04\/baum.jpeg 768w, https:\/\/www.tpi-consult.ch\/wp-content\/uploads\/2021\/04\/baum-225x300.jpeg 225w\" data-src=\"https:\/\/tpi-consult.de\/wp-content\/uploads\/2021\/04\/baum.jpeg\"><\/figure>\n<\/div>\n\n\n\n<div class=\"wp-block-column is-layout-flow wp-block-column-is-layout-flow\">\n<ul class=\"wp-block-list\" id=\"block-1b10b3f6-39f0-4712-aa5a-04af10da0036\" style=\"font-size:17px\"><li>Beratung und wissenschaftliche Unterst\u00fctzung von Life Science Unternehmen auf den Gebieten der Pr\u00e4klinik, Safety und Zulassung<\/li><li>Toxikologische Gutachten nach \u00a7 24.2 AMG und REACh-Gutachten<\/li><li>Gutachten nach EMA\/CHMP\/ CVMP\/ SWP\/169430\/2012: Shared Facilities<\/li><li>Erstellung von PDE Gutachten gem\u00e4\u00df EMA Guideline<\/li><li>Toxikologische Gutachten zu Verunreinigungen in Arzneimitteln und Medizinprodukten<\/li><li>Bewertung von Extractables und Leachables<\/li><\/ul>\n\n\n\n<ul class=\"wp-block-list\" id=\"block-1b10b3f6-39f0-4712-aa5a-04af10da0036\" style=\"font-size:17px\"><li>Erstellung von Common Technical Documents (CTD, e-CTD)<\/li><li>Unterst\u00fctzung bei zulassungsrelevanten Fragestellungen\/ Stufenplanverfahren<\/li><li>Machbarkeitsstudien f\u00fcr innovative Produkte<\/li><li>Herstellungs- und Kontrolleitung nach \u00a7 15.1 und \u00a7 15.3 AMG<\/li><li>Organisation und Monitoring klinischer Studien<\/li><li>OEL\/OEB Bewertungen f\u00fcr Pharmahersteller<\/li><li>Anfertigung von Publikationen, Presse-&amp; \u00d6ffentlichkeitsarbeit<\/li><li>Unterst\u00fctzung und Beratung f\u00fcr VC\/PE Beteiligungen<\/li><li>Erstellung von PDE Gutachten gem\u00e4\u00df EMA Guideline<\/li><li>Technology Due diligence<\/li><li>Technology Turnaround<\/li><li>Beratung von Kapitalgebern (Beteiligungen)<\/li><\/ul>\n<\/div>\n<\/div>\n","protected":false},"excerpt":{"rendered":"<p>ALLES, WAS SICH EIN MENSCH VORSTELLEN KANN, KANN ER AUCH ERREICHEN! Die\u00a0tpi consult AG\u00a0ist in ein nationales und internationales Netzwerk eingebunden. Dadurch sind eine umfassende technologische Beratung und Unterst\u00fctzung m\u00f6glich. Gern nennen wir Ihnen Referenzen f\u00fcr die einzelnen Aufgabengebiete: Beratung und wissenschaftliche Unterst\u00fctzung von Life Science Unternehmen auf den Gebieten der Pr\u00e4klinik, Safety und Zulassung [&hellip;]<\/p>\n","protected":false},"author":1,"featured_media":0,"parent":0,"menu_order":0,"comment_status":"closed","ping_status":"closed","template":"templates\/template-full.php","meta":{"ngg_post_thumbnail":0,"footnotes":""},"class_list":["post-169","page","type-page","status-publish","hentry","post"],"_links":{"self":[{"href":"https:\/\/www.tpi-consult.ch\/deu\/wp-json\/wp\/v2\/pages\/169","targetHints":{"allow":["GET"]}}],"collection":[{"href":"https:\/\/www.tpi-consult.ch\/deu\/wp-json\/wp\/v2\/pages"}],"about":[{"href":"https:\/\/www.tpi-consult.ch\/deu\/wp-json\/wp\/v2\/types\/page"}],"author":[{"embeddable":true,"href":"https:\/\/www.tpi-consult.ch\/deu\/wp-json\/wp\/v2\/users\/1"}],"replies":[{"embeddable":true,"href":"https:\/\/www.tpi-consult.ch\/deu\/wp-json\/wp\/v2\/comments?post=169"}],"version-history":[{"count":6,"href":"https:\/\/www.tpi-consult.ch\/deu\/wp-json\/wp\/v2\/pages\/169\/revisions"}],"predecessor-version":[{"id":622,"href":"https:\/\/www.tpi-consult.ch\/deu\/wp-json\/wp\/v2\/pages\/169\/revisions\/622"}],"wp:attachment":[{"href":"https:\/\/www.tpi-consult.ch\/deu\/wp-json\/wp\/v2\/media?parent=169"}],"curies":[{"name":"wp","href":"https:\/\/api.w.org\/{rel}","templated":true}]}}