{"id":151,"date":"2021-04-03T18:24:17","date_gmt":"2021-04-03T18:24:17","guid":{"rendered":"https:\/\/tpi-consult.de\/?page_id=151"},"modified":"2022-08-28T10:05:10","modified_gmt":"2022-08-28T10:05:10","slug":"wer-wir-sind","status":"publish","type":"page","link":"https:\/\/www.tpi-consult.ch\/deu\/wer-wir-sind\/","title":{"rendered":"Wer wir sind"},"content":{"rendered":"<div class=\"wp-block-columns is-layout-flex wp-container-core-columns-is-layout-9d6595d7 wp-block-columns-is-layout-flex\">\n<div class=\"wp-block-column is-layout-flow wp-block-column-is-layout-flow\"><\/div>\n\n\n\n<div class=\"wp-block-column is-layout-flow wp-block-column-is-layout-flow\"><\/div>\n<\/div>\n\n\n\n<div class=\"wp-block-columns is-layout-flex wp-container-core-columns-is-layout-9d6595d7 wp-block-columns-is-layout-flex\">\n<div class=\"wp-block-column is-layout-flow wp-block-column-is-layout-flow\" style=\"flex-basis:100%\">\n<div class=\"wp-block-columns is-layout-flex wp-container-core-columns-is-layout-9d6595d7 wp-block-columns-is-layout-flex\">\n<div class=\"wp-block-column is-layout-flow wp-block-column-is-layout-flow\" style=\"flex-basis:50%\">\n<blockquote class=\"wp-block-quote is-style-default is-layout-flow wp-block-quote-is-layout-flow\"><p><strong>WER HOHE T\u00dcRME BAUEN WILL, MUSS EIN GUTES FUNDAMENT BESITZEN!<\/strong> Aristoteles<\/p><\/blockquote>\n\n\n\n<p id=\"block-e049dda7-2715-4ba1-8bd6-ae028ad85db8\" style=\"font-size:18px\"><strong>tpi consult AG<\/strong>&nbsp;ist Ihr Technologieberater im Bereich Life Sciences, wir verstehen uns als gleichberechtigter Partner unserer Kunden.<\/p>\n\n\n\n<p id=\"block-6bb40978-04aa-4f88-b6e0-0ecbdb6cfb21\" style=\"font-size:18px\">Unsere Kunden sind Unternehmen aus dem Bereich Pharma, Arzneimittelherstellung, Generika, Biotechnologie, Medizinprodukte, Lebensmittel und Kosmetika.<\/p>\n\n\n\n<p style=\"font-size:18px\">Von der Planung bis zur erfolgreichen Realisierung in allen technologisch-unternehmerischen und strategischen Fragestellungen begleitet die&nbsp;<strong>tpi consult AG<\/strong>, die 1994 als GmbH von&nbsp;Professor Dr. rer. nat. Stefan W. Hockertz&nbsp;gegr\u00fcndet wurde, ihre Klienten.<\/p>\n<\/div>\n\n\n\n<div class=\"wp-block-column is-layout-flow wp-block-column-is-layout-flow\" style=\"flex-basis:50%\">\n<figure class=\"wp-block-image size-large\"><noscript><img decoding=\"async\" width=\"1024\" height=\"768\" src=\"https:\/\/tpi-consult.de\/wp-content\/uploads\/2021\/04\/blick-in-die-ferne-1024x768.jpeg\" alt class=\"wp-image-155\" srcset=\"https:\/\/www.tpi-consult.ch\/wp-content\/uploads\/2021\/04\/blick-in-die-ferne-1024x768.jpeg 1024w, https:\/\/www.tpi-consult.ch\/wp-content\/uploads\/2021\/04\/blick-in-die-ferne-300x225.jpeg 300w, https:\/\/www.tpi-consult.ch\/wp-content\/uploads\/2021\/04\/blick-in-die-ferne-768x576.jpeg 768w, https:\/\/www.tpi-consult.ch\/wp-content\/uploads\/2021\/04\/blick-in-die-ferne-1536x1152.jpeg 1536w, https:\/\/www.tpi-consult.ch\/wp-content\/uploads\/2021\/04\/blick-in-die-ferne.jpeg 1600w\" sizes=\"(max-width: 1024px) 100vw, 1024px\"><\/noscript><img decoding=\"async\" width=\"1024\" height=\"768\" src=\"data:image\/svg+xml,%3Csvg%20xmlns%3D%22http%3A%2F%2Fwww.w3.org%2F2000%2Fsvg%22%20viewBox%3D%220%200%201024%20768%22%3E%3C%2Fsvg%3E\" alt class=\"wp-image-155 lazyload\" srcset=\"data:image\/svg+xml,%3Csvg%20xmlns%3D%22http%3A%2F%2Fwww.w3.org%2F2000%2Fsvg%22%20viewBox%3D%220%200%201024%20768%22%3E%3C%2Fsvg%3E 1024w\" sizes=\"(max-width: 1024px) 100vw, 1024px\" data-srcset=\"https:\/\/www.tpi-consult.ch\/wp-content\/uploads\/2021\/04\/blick-in-die-ferne-1024x768.jpeg 1024w, https:\/\/www.tpi-consult.ch\/wp-content\/uploads\/2021\/04\/blick-in-die-ferne-300x225.jpeg 300w, https:\/\/www.tpi-consult.ch\/wp-content\/uploads\/2021\/04\/blick-in-die-ferne-768x576.jpeg 768w, https:\/\/www.tpi-consult.ch\/wp-content\/uploads\/2021\/04\/blick-in-die-ferne-1536x1152.jpeg 1536w, https:\/\/www.tpi-consult.ch\/wp-content\/uploads\/2021\/04\/blick-in-die-ferne.jpeg 1600w\" data-src=\"https:\/\/tpi-consult.de\/wp-content\/uploads\/2021\/04\/blick-in-die-ferne-1024x768.jpeg\"><\/figure>\n\n\n\n<div class=\"wp-block-columns is-layout-flex wp-container-core-columns-is-layout-9d6595d7 wp-block-columns-is-layout-flex\">\n<div class=\"wp-block-column is-layout-flow wp-block-column-is-layout-flow\">\n<p id=\"block-cce5e859-03b7-4ae0-bef7-b15f08d79d4f\" style=\"font-size:18px\">Ziel ist es, durch unsere Leistung die Ressourcen unserer Kunden zu optimieren. Mit der \u00dcbernahme von technologisch-strategischen Aufgaben durch die&nbsp;<strong>tpi consult AG <\/strong>kann sich der Kunde auf seine Kernkompetenzen konzentrieren.<br>Basierend auf unserer langj\u00e4hrigen Erfahrung als Technologieberatung und Unternehmer garantieren wir Professionalit\u00e4t und h\u00f6chste Qualit\u00e4t<\/p>\n\n\n\n<p id=\"block-77f02acb-52f7-4202-81ed-995ff181cf83\" style=\"font-size:18px\"><em>Wir arbeiten mit Ihnen Hand in Hand:<\/em>&nbsp;<strong>tpi consult AG<\/strong><\/p>\n<\/div>\n<\/div>\n<\/div>\n<\/div>\n<\/div>\n<\/div>\n","protected":false},"excerpt":{"rendered":"<p>WER HOHE T\u00dcRME BAUEN WILL, MUSS EIN GUTES FUNDAMENT BESITZEN! Aristoteles tpi consult AG&nbsp;ist Ihr Technologieberater im Bereich Life Sciences, wir verstehen uns als gleichberechtigter Partner unserer Kunden. Unsere Kunden sind Unternehmen aus dem Bereich Pharma, Arzneimittelherstellung, Generika, Biotechnologie, Medizinprodukte, Lebensmittel und Kosmetika. Von der Planung bis zur erfolgreichen Realisierung in allen technologisch-unternehmerischen und strategischen [&hellip;]<\/p>\n","protected":false},"author":1,"featured_media":0,"parent":0,"menu_order":0,"comment_status":"closed","ping_status":"closed","template":"templates\/template-full.php","meta":{"ngg_post_thumbnail":0,"footnotes":""},"class_list":["post-151","page","type-page","status-publish","hentry","post"],"_links":{"self":[{"href":"https:\/\/www.tpi-consult.ch\/deu\/wp-json\/wp\/v2\/pages\/151","targetHints":{"allow":["GET"]}}],"collection":[{"href":"https:\/\/www.tpi-consult.ch\/deu\/wp-json\/wp\/v2\/pages"}],"about":[{"href":"https:\/\/www.tpi-consult.ch\/deu\/wp-json\/wp\/v2\/types\/page"}],"author":[{"embeddable":true,"href":"https:\/\/www.tpi-consult.ch\/deu\/wp-json\/wp\/v2\/users\/1"}],"replies":[{"embeddable":true,"href":"https:\/\/www.tpi-consult.ch\/deu\/wp-json\/wp\/v2\/comments?post=151"}],"version-history":[{"count":17,"href":"https:\/\/www.tpi-consult.ch\/deu\/wp-json\/wp\/v2\/pages\/151\/revisions"}],"predecessor-version":[{"id":659,"href":"https:\/\/www.tpi-consult.ch\/deu\/wp-json\/wp\/v2\/pages\/151\/revisions\/659"}],"wp:attachment":[{"href":"https:\/\/www.tpi-consult.ch\/deu\/wp-json\/wp\/v2\/media?parent=151"}],"curies":[{"name":"wp","href":"https:\/\/api.w.org\/{rel}","templated":true}]}}